{"id":1734,"date":"2023-05-31T18:29:55","date_gmt":"2023-05-31T16:29:55","guid":{"rendered":"https:\/\/dustudio-interiors.com\/?page_id=1734"},"modified":"2026-05-15T17:57:52","modified_gmt":"2026-05-15T15:57:52","slug":"contact","status":"publish","type":"page","link":"https:\/\/dustudio-interiors.com\/index.php\/contact\/","title":{"rendered":"Contact"},"content":{"rendered":"\n<p style=\"font-size:16px\"><strong>Parlons de votre futur int\u00e9rieur<\/strong>.<\/p>\n\n\n\n<p style=\"font-size:16px\">Vous avez un projet de r\u00e9novation \u00e0 Paris ou dans l&rsquo;Ouest Parisien ?<br>Chaque projet d&rsquo;architecture d&rsquo;int\u00e9rieur est une aventure humaine et technique unique. Pour garantir une qualit\u00e9 de suivi irr\u00e9prochable, <strong>DUstudio Interiors<\/strong> accompagne un nombre limit\u00e9 de projets par an.<\/p>\n\n\n\n<p style=\"font-size:16px\">Je vous invite \u00e0 r\u00e9server un <strong>Appel D\u00e9couverte (Offert)<\/strong> de 20 minutes.<\/p>\n\n\n\n<p style=\"font-size:16px\">Cet \u00e9change t\u00e9l\u00e9phonique est une \u00e9tape cl\u00e9. Il nous permettra de :<\/p>\n\n\n\n<ol start=\"1\" class=\"wp-block-list\">\n<li style=\"font-size:16px\">Faire connaissance et comprendre vos aspirations.<\/li>\n\n\n\n<li style=\"font-size:16px\">Valider la faisabilit\u00e9 de votre projet (Budget, D\u00e9lais, Localisation).<\/li>\n\n\n\n<li style=\"font-size:16px\">V\u00e9rifier si mon accompagnement correspond \u00e0 vos attentes.<\/li>\n<\/ol>\n\n\n\n<p style=\"font-size:16px\">Si nous d\u00e9cidons d&rsquo;avancer ensemble, nous programmerons une visite conseil sur place pour entrer dans le d\u00e9tail.<\/p>\n\n\n\n<p style=\"font-size:16px\"><strong>Votre projet m\u00e9rite l&rsquo;excellence. Commen\u00e7ons par en discuter.<\/strong><\/p>\n\n\n\n<!-- D\u00e9but de widget en ligne Calendly -->\n<div class=\"calendly-inline-widget\" data-url=\"https:\/\/calendly.com\/olga-dusciac\/parlons-du-votre-projet\" style=\"min-width:320px;height:700px;\"><\/div>\n<script type=\"text\/javascript\" src=\"https:\/\/assets.calendly.com\/assets\/external\/widget.js\" async><\/script>\n<!-- Fin de widget en ligne Calendly -->\n\n\n\n<p style=\"font-size:12px\">DUstudiO Interiors &#8211; Architecture d&rsquo;int\u00e9rieur et R\u00e9novation. Intervention sur Garches, Saint-Cloud, Rueil-Malmaison, Boulogne-Billancourt et Paris Ouest.<\/p>\n\n\n\n<p><\/p>\n","protected":false},"excerpt":{"rendered":"<p>Parlons de votre futur int\u00e9rieur. Vous avez un projet de r\u00e9novation \u00e0 Paris ou dans l&rsquo;Ouest Parisien ?Chaque projet d&rsquo;architecture d&rsquo;int\u00e9rieur est une aventure humaine et technique unique. Pour garantir une qualit\u00e9 de suivi irr\u00e9prochable, DUstudio Interiors accompagne un nombre limit\u00e9 de projets par an. Je vous invite \u00e0 r\u00e9server un Appel D\u00e9couverte (Offert) de 20 minutes. Cet \u00e9change t\u00e9l\u00e9phonique est une \u00e9tape cl\u00e9. Il nous permettra de : Si<\/p>\n<div class=\"read-more\"><a class=\"btn read-more-btn\" href=\"https:\/\/dustudio-interiors.com\/index.php\/contact\/\">Read More<\/a><\/div>\n","protected":false},"author":1,"featured_media":0,"parent":0,"menu_order":0,"comment_status":"closed","ping_status":"closed","template":"","meta":{"om_disable_all_campaigns":false,"_monsterinsights_skip_tracking":false,"_monsterinsights_sitenote_active":false,"_monsterinsights_sitenote_note":"","_monsterinsights_sitenote_category":0,"footnotes":""},"class_list":["post-1734","page","type-page","status-publish","hentry"],"yoast_head":"<!-- This site is optimized with the Yoast SEO plugin v27.6 - https:\/\/yoast.com\/product\/yoast-seo-wordpress\/ -->\n<title>Contactez Olga Chihai Dusciac | Architecte d&#039;int\u00e9rieur Paris Ouest<\/title>\n<meta name=\"description\" content=\"Projet de r\u00e9novation \u00e0 Paris ou Ouest Parisien ? R\u00e9servez votre Appel D\u00e9couverte offert avec l&#039;architecte d&#039;int\u00e9rieur Olga Chihai Dusciac\" \/>\n<meta name=\"robots\" content=\"index, follow, max-snippet:-1, max-image-preview:large, max-video-preview:-1\" \/>\n<link rel=\"canonical\" href=\"https:\/\/dustudio-interiors.com\/index.php\/contact\/\" \/>\n<meta property=\"og:locale\" content=\"fr_FR\" \/>\n<meta property=\"og:type\" content=\"article\" \/>\n<meta property=\"og:title\" content=\"Contactez Olga Chihai Dusciac | Architecte d&#039;int\u00e9rieur Paris Ouest\" \/>\n<meta property=\"og:description\" content=\"Projet de r\u00e9novation \u00e0 Paris ou Ouest Parisien ? R\u00e9servez votre Appel D\u00e9couverte offert avec l&#039;architecte d&#039;int\u00e9rieur Olga Chihai Dusciac\" \/>\n<meta property=\"og:url\" content=\"https:\/\/dustudio-interiors.com\/index.php\/contact\/\" \/>\n<meta property=\"article:publisher\" content=\"https:\/\/www.facebook.com\/dustudio\/?locale=fr_FR\" \/>\n<meta property=\"article:modified_time\" content=\"2026-05-15T15:57:52+00:00\" \/>\n<meta name=\"twitter:card\" content=\"summary_large_image\" \/>\n<meta name=\"twitter:label1\" content=\"Dur\u00e9e de lecture estim\u00e9e\" \/>\n\t<meta name=\"twitter:data1\" content=\"1 minute\" \/>\n<script type=\"application\/ld+json\" class=\"yoast-schema-graph\">{\"@context\":\"https:\\\/\\\/schema.org\",\"@graph\":[{\"@type\":\"WebPage\",\"@id\":\"https:\\\/\\\/dustudio-interiors.com\\\/index.php\\\/contact\\\/\",\"url\":\"https:\\\/\\\/dustudio-interiors.com\\\/index.php\\\/contact\\\/\",\"name\":\"Contactez Olga Chihai Dusciac | Architecte d'int\u00e9rieur Paris Ouest\",\"isPartOf\":{\"@id\":\"https:\\\/\\\/dustudio-interiors.com\\\/#website\"},\"datePublished\":\"2023-05-31T16:29:55+00:00\",\"dateModified\":\"2026-05-15T15:57:52+00:00\",\"description\":\"Projet de r\u00e9novation \u00e0 Paris ou Ouest Parisien ? R\u00e9servez votre Appel D\u00e9couverte offert avec l'architecte d'int\u00e9rieur Olga Chihai Dusciac\",\"breadcrumb\":{\"@id\":\"https:\\\/\\\/dustudio-interiors.com\\\/index.php\\\/contact\\\/#breadcrumb\"},\"inLanguage\":\"fr-FR\",\"potentialAction\":[{\"@type\":\"ReadAction\",\"target\":[\"https:\\\/\\\/dustudio-interiors.com\\\/index.php\\\/contact\\\/\"]}]},{\"@type\":\"BreadcrumbList\",\"@id\":\"https:\\\/\\\/dustudio-interiors.com\\\/index.php\\\/contact\\\/#breadcrumb\",\"itemListElement\":[{\"@type\":\"ListItem\",\"position\":1,\"name\":\"Accueil\",\"item\":\"https:\\\/\\\/dustudio-interiors.com\\\/\"},{\"@type\":\"ListItem\",\"position\":2,\"name\":\"Contact\"}]},{\"@type\":\"WebSite\",\"@id\":\"https:\\\/\\\/dustudio-interiors.com\\\/#website\",\"url\":\"https:\\\/\\\/dustudio-interiors.com\\\/\",\"name\":\"https:\\\/\\\/dustudio-interiors.com\",\"description\":\"Cr\u00e9ons ensemble des int\u00e9rieurs uniques, entre \u00e9l\u00e9gance et fonctionnalit\u00e9.\",\"publisher\":{\"@id\":\"https:\\\/\\\/dustudio-interiors.com\\\/#organization\"},\"potentialAction\":[{\"@type\":\"SearchAction\",\"target\":{\"@type\":\"EntryPoint\",\"urlTemplate\":\"https:\\\/\\\/dustudio-interiors.com\\\/?s={search_term_string}\"},\"query-input\":{\"@type\":\"PropertyValueSpecification\",\"valueRequired\":true,\"valueName\":\"search_term_string\"}}],\"inLanguage\":\"fr-FR\"},{\"@type\":\"Organization\",\"@id\":\"https:\\\/\\\/dustudio-interiors.com\\\/#organization\",\"name\":\"DUstudiO Interiors\",\"url\":\"https:\\\/\\\/dustudio-interiors.com\\\/\",\"logo\":{\"@type\":\"ImageObject\",\"inLanguage\":\"fr-FR\",\"@id\":\"https:\\\/\\\/dustudio-interiors.com\\\/#\\\/schema\\\/logo\\\/image\\\/\",\"url\":\"https:\\\/\\\/dustudio-interiors.com\\\/wp-content\\\/uploads\\\/2017\\\/10\\\/logo-dustudio-social.png\",\"contentUrl\":\"https:\\\/\\\/dustudio-interiors.com\\\/wp-content\\\/uploads\\\/2017\\\/10\\\/logo-dustudio-social.png\",\"width\":170,\"height\":170,\"caption\":\"DUstudiO Interiors\"},\"image\":{\"@id\":\"https:\\\/\\\/dustudio-interiors.com\\\/#\\\/schema\\\/logo\\\/image\\\/\"},\"sameAs\":[\"https:\\\/\\\/www.facebook.com\\\/dustudio\\\/?locale=fr_FR\",\"https:\\\/\\\/www.instagram.com\\\/dustudio_interiors\\\/\",\"https:\\\/\\\/www.youtube.com\\\/channel\\\/UC3ub4LaoSfoFXAari2N1Bqg\"]}]}<\/script>\n<!-- \/ Yoast SEO plugin. -->","yoast_head_json":{"title":"Contactez Olga Chihai Dusciac | Architecte d'int\u00e9rieur Paris Ouest","description":"Projet de r\u00e9novation \u00e0 Paris ou Ouest Parisien ? R\u00e9servez votre Appel D\u00e9couverte offert avec l'architecte d'int\u00e9rieur Olga Chihai Dusciac","robots":{"index":"index","follow":"follow","max-snippet":"max-snippet:-1","max-image-preview":"max-image-preview:large","max-video-preview":"max-video-preview:-1"},"canonical":"https:\/\/dustudio-interiors.com\/index.php\/contact\/","og_locale":"fr_FR","og_type":"article","og_title":"Contactez Olga Chihai Dusciac | Architecte d'int\u00e9rieur Paris Ouest","og_description":"Projet de r\u00e9novation \u00e0 Paris ou Ouest Parisien ? R\u00e9servez votre Appel D\u00e9couverte offert avec l'architecte d'int\u00e9rieur Olga Chihai Dusciac","og_url":"https:\/\/dustudio-interiors.com\/index.php\/contact\/","article_publisher":"https:\/\/www.facebook.com\/dustudio\/?locale=fr_FR","article_modified_time":"2026-05-15T15:57:52+00:00","twitter_card":"summary_large_image","twitter_misc":{"Dur\u00e9e de lecture estim\u00e9e":"1 minute"},"schema":{"@context":"https:\/\/schema.org","@graph":[{"@type":"WebPage","@id":"https:\/\/dustudio-interiors.com\/index.php\/contact\/","url":"https:\/\/dustudio-interiors.com\/index.php\/contact\/","name":"Contactez Olga Chihai Dusciac | Architecte d'int\u00e9rieur Paris Ouest","isPartOf":{"@id":"https:\/\/dustudio-interiors.com\/#website"},"datePublished":"2023-05-31T16:29:55+00:00","dateModified":"2026-05-15T15:57:52+00:00","description":"Projet de r\u00e9novation \u00e0 Paris ou Ouest Parisien ? R\u00e9servez votre Appel D\u00e9couverte offert avec l'architecte d'int\u00e9rieur Olga Chihai Dusciac","breadcrumb":{"@id":"https:\/\/dustudio-interiors.com\/index.php\/contact\/#breadcrumb"},"inLanguage":"fr-FR","potentialAction":[{"@type":"ReadAction","target":["https:\/\/dustudio-interiors.com\/index.php\/contact\/"]}]},{"@type":"BreadcrumbList","@id":"https:\/\/dustudio-interiors.com\/index.php\/contact\/#breadcrumb","itemListElement":[{"@type":"ListItem","position":1,"name":"Accueil","item":"https:\/\/dustudio-interiors.com\/"},{"@type":"ListItem","position":2,"name":"Contact"}]},{"@type":"WebSite","@id":"https:\/\/dustudio-interiors.com\/#website","url":"https:\/\/dustudio-interiors.com\/","name":"https:\/\/dustudio-interiors.com","description":"Cr\u00e9ons ensemble des int\u00e9rieurs uniques, entre \u00e9l\u00e9gance et fonctionnalit\u00e9.","publisher":{"@id":"https:\/\/dustudio-interiors.com\/#organization"},"potentialAction":[{"@type":"SearchAction","target":{"@type":"EntryPoint","urlTemplate":"https:\/\/dustudio-interiors.com\/?s={search_term_string}"},"query-input":{"@type":"PropertyValueSpecification","valueRequired":true,"valueName":"search_term_string"}}],"inLanguage":"fr-FR"},{"@type":"Organization","@id":"https:\/\/dustudio-interiors.com\/#organization","name":"DUstudiO Interiors","url":"https:\/\/dustudio-interiors.com\/","logo":{"@type":"ImageObject","inLanguage":"fr-FR","@id":"https:\/\/dustudio-interiors.com\/#\/schema\/logo\/image\/","url":"https:\/\/dustudio-interiors.com\/wp-content\/uploads\/2017\/10\/logo-dustudio-social.png","contentUrl":"https:\/\/dustudio-interiors.com\/wp-content\/uploads\/2017\/10\/logo-dustudio-social.png","width":170,"height":170,"caption":"DUstudiO Interiors"},"image":{"@id":"https:\/\/dustudio-interiors.com\/#\/schema\/logo\/image\/"},"sameAs":["https:\/\/www.facebook.com\/dustudio\/?locale=fr_FR","https:\/\/www.instagram.com\/dustudio_interiors\/","https:\/\/www.youtube.com\/channel\/UC3ub4LaoSfoFXAari2N1Bqg"]}]}},"_links":{"self":[{"href":"https:\/\/dustudio-interiors.com\/index.php\/wp-json\/wp\/v2\/pages\/1734","targetHints":{"allow":["GET"]}}],"collection":[{"href":"https:\/\/dustudio-interiors.com\/index.php\/wp-json\/wp\/v2\/pages"}],"about":[{"href":"https:\/\/dustudio-interiors.com\/index.php\/wp-json\/wp\/v2\/types\/page"}],"author":[{"embeddable":true,"href":"https:\/\/dustudio-interiors.com\/index.php\/wp-json\/wp\/v2\/users\/1"}],"replies":[{"embeddable":true,"href":"https:\/\/dustudio-interiors.com\/index.php\/wp-json\/wp\/v2\/comments?post=1734"}],"version-history":[{"count":21,"href":"https:\/\/dustudio-interiors.com\/index.php\/wp-json\/wp\/v2\/pages\/1734\/revisions"}],"predecessor-version":[{"id":2829,"href":"https:\/\/dustudio-interiors.com\/index.php\/wp-json\/wp\/v2\/pages\/1734\/revisions\/2829"}],"wp:attachment":[{"href":"https:\/\/dustudio-interiors.com\/index.php\/wp-json\/wp\/v2\/media?parent=1734"}],"curies":[{"name":"wp","href":"https:\/\/api.w.org\/{rel}","templated":true}]}}