{"id":1894,"date":"2023-11-14T14:53:33","date_gmt":"2023-11-14T13:53:33","guid":{"rendered":"https:\/\/dustudio-interiors.com\/?page_id=1894"},"modified":"2023-11-15T10:35:10","modified_gmt":"2023-11-15T09:35:10","slug":"accompagnement-renovation-energetique-et-architecture-dinterieur","status":"publish","type":"page","link":"https:\/\/dustudio-interiors.com\/index.php\/accompagnement-renovation-energetique-et-architecture-dinterieur\/","title":{"rendered":"Accompagnement R\u00c9NOVATION ENERGETIQUE"},"content":{"rendered":"\n<p>Vous achetez, vendez ou souhaitez mettre en location votre bien immobilier et avez besoin d&rsquo;un Accompagnement R\u00e9novation \u00c9nerg\u00e9tique et Architecture d\u2019int\u00e9rieur ? <\/p>\n\n\n\n<p>Vous avez envie que ce lieu soit joli et confortable, mais les derni\u00e8res r\u00e9glementations et le diagnostic \u00e9nerg\u00e9tique de votre bien vous donnent le tournis ?<\/p>\n\n\n\n<p>Avec une double expertise \u00e0 la fois, dans l&rsquo;architecture d&rsquo;int\u00e9rieur et dans l&rsquo;efficacit\u00e9 \u00e9nerg\u00e9tique, nous pouvons vous proposer un accompagnement global dans un projet d&rsquo;architecture int\u00e9rieure et de r\u00e9novation \u00e9nerg\u00e9tique.<\/p>\n\n\n<div class=\"wp-block-image is-style-default\">\n<figure class=\"aligncenter size-full is-resized\"><img loading=\"lazy\" decoding=\"async\" width=\"463\" height=\"152\" src=\"https:\/\/dustudio-interiors.com\/wp-content\/uploads\/2023\/11\/Screenshot-2023-11-14-143452.png\" alt=\"\" class=\"wp-image-1905\" style=\"width:327px;height:auto\" srcset=\"https:\/\/dustudio-interiors.com\/wp-content\/uploads\/2023\/11\/Screenshot-2023-11-14-143452.png 463w, https:\/\/dustudio-interiors.com\/wp-content\/uploads\/2023\/11\/Screenshot-2023-11-14-143452-300x98.png 300w\" sizes=\"auto, (max-width: 463px) 100vw, 463px\" \/><\/figure>\n<\/div>\n\n\n<p>Nous pouvons vous proposer un accompagnement complet avec :<\/p>\n\n\n\n<ul class=\"wp-block-list\">\n<li>     \n<ul class=\"wp-block-list\">\n<li>> \u00c9valuation \u00c9nerg\u00e9tique de votre maison ou appartement. <\/li>\n\n\n\n<li>> Pr\u00e9conisations des travaux de r\u00e9novation n\u00e9cessaires afin d\u2019am\u00e9liorer la performance \u00e9nerg\u00e9tique du votre bien et am\u00e9liorer le confort, tout en gardant une vision globale sur le projet sans faire des de compromis esth\u00e9tiques. <\/li>\n\n\n\n<li>> Approche budg\u00e9taire. Augmentation de la Valeur Verte de votre bien et calcul de la rentabilit\u00e9 li\u00e9 \u00e0 la r\u00e9novation \u00e9nerg\u00e9tique. <\/li>\n\n\n\n<li>> Conseil et mise en place d&rsquo;e&rsquo;un plan d\u2019action. Accompagnement dans les d\u00e9marches administratives et relation avec les artisans.  <\/li>\n<\/ul>\n<\/li>\n<\/ul>\n\n\n\n<p><\/p>\n\n\n\n<hr class=\"wp-block-separator has-alpha-channel-opacity\"\/>\n\n\n\n<div class=\"wp-block-group is-vertical is-layout-flex wp-container-core-group-is-layout-8cf370e7 wp-block-group-is-layout-flex\">\n<p class=\"has-medium-font-size\"><strong>TARIFS<\/strong> <\/p>\n\n\n\n<p class=\"has-small-font-size\">(\u00c9valuation et accompagnement r\u00e9novation \u00e9nerg\u00e9tique)<\/p>\n<\/div>\n\n\n\n<p><\/p>\n\n\n\n<div class=\"wp-block-group is-vertical is-layout-flex wp-container-core-group-is-layout-8cf370e7 wp-block-group-is-layout-flex\">\n<ul class=\"wp-block-list\">\n<li class=\"has-small-font-size\"><strong>\u00c9tape 1 \u2013 1er RDV :<\/strong> 100 \u20ac TTC  <\/li>\n<\/ul>\n\n\n\n<p class=\"has-small-font-size\">Cette prestation est une mission d\u2019accompagnement conseil sans \u00e9l\u00e9ments graphiques<\/p>\n<\/div>\n\n\n\n<p><\/p>\n\n\n\n<div class=\"wp-block-group is-vertical is-layout-flex wp-container-core-group-is-layout-8cf370e7 wp-block-group-is-layout-flex\">\n<ul class=\"wp-block-list\">\n<li class=\"has-small-font-size\"><strong>\u00c9tape 2 \u2013\u00a0\u00c9valuation \u00c9nerg\u00e9tique <\/strong>:<\/li>\n<\/ul>\n\n\n\n<p class=\"has-medium-font-size\"><sub><sup>(peut \u00eatre combin\u00e9e et r\u00e9alis\u00e9e en m\u00eame temps que l\u2019\u00e9tude de conception d&rsquo;architecture int\u00e9rieur et\/ou d\u00e9coration )<\/sup><\/sub><\/p>\n<\/div>\n\n\n\n<p><\/p>\n\n\n\n<ul class=\"wp-block-list\">\n<li>&gt; \u00c9tat des lieux en vue d&rsquo;un projet de r\u00e9novation \u00e9nerg\u00e9tique. \u00c9valuation d\u00e9taill\u00e9e de l&rsquo;\u00e9tat existant.<\/li>\n\n\n\n<li>&gt; D\u00e9veloppement de la strat\u00e9gie de r\u00e9novation et pr\u00e9conisation des sc\u00e9narios possibles des travaux, en fonction du cahier des charges et des attentes des clients, tout en respectant la r\u00e9glementation en vigueur.<\/li>\n\n\n\n<li>&gt; Accompagnement dans la pr\u00e9paration technique et financi\u00e8re de la r\u00e9novation \u00e9nerg\u00e9tique.<\/li>\n<\/ul>\n\n\n\n<p class=\"has-text-align-left\" style=\"font-size:18px\"><sub>surface de &lt;80 m\u00b2 : 1 200 \u20ac HT<br>surface 81m\u00b2 \u00e0 120 m\u00b2 : 1 500 \u20ac HT<br>surface 121m\u00b2 \u00e0 240 m\u00b2: 1 900 \u20ac HT<br>surface &gt; 241 m\u00b2 : sur devis<\/sub><\/p>\n\n\n\n<div class=\"wp-block-group is-vertical is-layout-flex wp-container-core-group-is-layout-8cf370e7 wp-block-group-is-layout-flex\">\n<div class=\"wp-block-group is-vertical is-layout-flex wp-container-core-group-is-layout-8cf370e7 wp-block-group-is-layout-flex\">\n<ul class=\"wp-block-list\">\n<li class=\"has-small-font-size\"><strong>Etape 3 \u2013 Suivi des travaux de r\u00e9novation \u00e9nerg\u00e9tique :<\/strong> 9% HT du montant des travaux<\/li>\n<\/ul>\n\n\n\n<p class=\"has-text-align-left has-small-font-size\">(global avec les travaux d&rsquo;architecture d\u2019int\u00e9rieur )<\/p>\n<\/div>\n<\/div>\n\n\n\n<hr class=\"wp-block-separator has-alpha-channel-opacity\"\/>\n\n\n\n<p class=\"has-medium-font-size\"><a href=\"https:\/\/dustudio-interiors.com\/index.php\/tarifs-tarifs-projet-decoration-et-renovation\/\">Pour prestation<strong> Architecture d&rsquo;Int\u00e9rieur et d\u00e9coration<\/strong> consultez la page <strong>PRESTATIONS ET TARIFS<\/strong><\/a><\/p>\n\n\n\n<p class=\"has-medium-font-size\"><\/p>\n","protected":false},"excerpt":{"rendered":"<p>Vous achetez, vendez ou souhaitez mettre en location votre bien immobilier et avez besoin d&rsquo;un Accompagnement R\u00e9novation \u00c9nerg\u00e9tique et Architecture d\u2019int\u00e9rieur ? Vous avez envie que ce lieu soit joli et confortable, mais les derni\u00e8res r\u00e9glementations et le diagnostic \u00e9nerg\u00e9tique de votre bien vous donnent le tournis ? Avec une double expertise \u00e0 la fois, dans l&rsquo;architecture d&rsquo;int\u00e9rieur et dans l&rsquo;efficacit\u00e9 \u00e9nerg\u00e9tique, nous pouvons vous proposer un accompagnement global dans<\/p>\n<div class=\"read-more\"><a class=\"btn read-more-btn\" href=\"https:\/\/dustudio-interiors.com\/index.php\/accompagnement-renovation-energetique-et-architecture-dinterieur\/\">Read More<\/a><\/div>\n","protected":false},"author":1,"featured_media":0,"parent":0,"menu_order":0,"comment_status":"closed","ping_status":"closed","template":"","meta":{"om_disable_all_campaigns":false,"_monsterinsights_skip_tracking":false,"_monsterinsights_sitenote_active":false,"_monsterinsights_sitenote_note":"","_monsterinsights_sitenote_category":0,"footnotes":""},"class_list":["post-1894","page","type-page","status-publish","hentry"],"yoast_head":"<!-- This site is optimized with the Yoast SEO plugin v27.5 - https:\/\/yoast.com\/product\/yoast-seo-wordpress\/ -->\n<title>Accompagnement R\u00e9novation \u00c9nerg\u00e9tique et Architecture d\u2019int\u00e9rieur<\/title>\n<meta name=\"description\" content=\"Evaluation \u00e9nerg\u00e9tique. Regard global et accompagnement R\u00e9novation \u00c9nerg\u00e9tique et Architecture d\u2019int\u00e9rieur:\" \/>\n<meta name=\"robots\" content=\"index, follow, max-snippet:-1, max-image-preview:large, max-video-preview:-1\" \/>\n<link rel=\"canonical\" href=\"https:\/\/dustudio-interiors.com\/index.php\/accompagnement-renovation-energetique-et-architecture-dinterieur\/\" \/>\n<meta property=\"og:locale\" content=\"fr_FR\" \/>\n<meta property=\"og:type\" content=\"article\" \/>\n<meta property=\"og:title\" content=\"Accompagnement R\u00e9novation \u00c9nerg\u00e9tique et Architecture d\u2019int\u00e9rieur\" \/>\n<meta property=\"og:description\" content=\"Evaluation \u00e9nerg\u00e9tique. Regard global et accompagnement R\u00e9novation \u00c9nerg\u00e9tique et Architecture d\u2019int\u00e9rieur:\" \/>\n<meta property=\"og:url\" content=\"https:\/\/dustudio-interiors.com\/index.php\/accompagnement-renovation-energetique-et-architecture-dinterieur\/\" \/>\n<meta property=\"article:publisher\" content=\"https:\/\/www.facebook.com\/dustudio\/?locale=fr_FR\" \/>\n<meta property=\"article:modified_time\" content=\"2023-11-15T09:35:10+00:00\" \/>\n<meta property=\"og:image\" content=\"https:\/\/dustudio-interiors.com\/wp-content\/uploads\/2023\/11\/Screenshot-2023-11-14-143452.png\" \/>\n<meta name=\"twitter:card\" content=\"summary_large_image\" \/>\n<meta name=\"twitter:label1\" content=\"Dur\u00e9e de lecture estim\u00e9e\" \/>\n\t<meta name=\"twitter:data1\" content=\"2 minutes\" \/>\n<script type=\"application\/ld+json\" class=\"yoast-schema-graph\">{\"@context\":\"https:\\\/\\\/schema.org\",\"@graph\":[{\"@type\":\"WebPage\",\"@id\":\"https:\\\/\\\/dustudio-interiors.com\\\/index.php\\\/accompagnement-renovation-energetique-et-architecture-dinterieur\\\/\",\"url\":\"https:\\\/\\\/dustudio-interiors.com\\\/index.php\\\/accompagnement-renovation-energetique-et-architecture-dinterieur\\\/\",\"name\":\"Accompagnement R\u00e9novation \u00c9nerg\u00e9tique et Architecture d\u2019int\u00e9rieur\",\"isPartOf\":{\"@id\":\"https:\\\/\\\/dustudio-interiors.com\\\/#website\"},\"primaryImageOfPage\":{\"@id\":\"https:\\\/\\\/dustudio-interiors.com\\\/index.php\\\/accompagnement-renovation-energetique-et-architecture-dinterieur\\\/#primaryimage\"},\"image\":{\"@id\":\"https:\\\/\\\/dustudio-interiors.com\\\/index.php\\\/accompagnement-renovation-energetique-et-architecture-dinterieur\\\/#primaryimage\"},\"thumbnailUrl\":\"https:\\\/\\\/dustudio-interiors.com\\\/wp-content\\\/uploads\\\/2023\\\/11\\\/Screenshot-2023-11-14-143452.png\",\"datePublished\":\"2023-11-14T13:53:33+00:00\",\"dateModified\":\"2023-11-15T09:35:10+00:00\",\"description\":\"Evaluation \u00e9nerg\u00e9tique. Regard global et accompagnement R\u00e9novation \u00c9nerg\u00e9tique et Architecture d\u2019int\u00e9rieur:\",\"breadcrumb\":{\"@id\":\"https:\\\/\\\/dustudio-interiors.com\\\/index.php\\\/accompagnement-renovation-energetique-et-architecture-dinterieur\\\/#breadcrumb\"},\"inLanguage\":\"fr-FR\",\"potentialAction\":[{\"@type\":\"ReadAction\",\"target\":[\"https:\\\/\\\/dustudio-interiors.com\\\/index.php\\\/accompagnement-renovation-energetique-et-architecture-dinterieur\\\/\"]}]},{\"@type\":\"ImageObject\",\"inLanguage\":\"fr-FR\",\"@id\":\"https:\\\/\\\/dustudio-interiors.com\\\/index.php\\\/accompagnement-renovation-energetique-et-architecture-dinterieur\\\/#primaryimage\",\"url\":\"https:\\\/\\\/dustudio-interiors.com\\\/wp-content\\\/uploads\\\/2023\\\/11\\\/Screenshot-2023-11-14-143452.png\",\"contentUrl\":\"https:\\\/\\\/dustudio-interiors.com\\\/wp-content\\\/uploads\\\/2023\\\/11\\\/Screenshot-2023-11-14-143452.png\",\"width\":463,\"height\":152,\"caption\":\"Accompaniment Renovation \u00c9nerg\u00e9tique et Architecture d\u2019int\u00e9rieur evaluation \u00e9nerg\u00e9tique paris garches stcloud meudon suresnesboulogne billancourt 92\"},{\"@type\":\"BreadcrumbList\",\"@id\":\"https:\\\/\\\/dustudio-interiors.com\\\/index.php\\\/accompagnement-renovation-energetique-et-architecture-dinterieur\\\/#breadcrumb\",\"itemListElement\":[{\"@type\":\"ListItem\",\"position\":1,\"name\":\"Accueil\",\"item\":\"https:\\\/\\\/dustudio-interiors.com\\\/\"},{\"@type\":\"ListItem\",\"position\":2,\"name\":\"Accompagnement R\u00c9NOVATION ENERGETIQUE\"}]},{\"@type\":\"WebSite\",\"@id\":\"https:\\\/\\\/dustudio-interiors.com\\\/#website\",\"url\":\"https:\\\/\\\/dustudio-interiors.com\\\/\",\"name\":\"https:\\\/\\\/dustudio-interiors.com\",\"description\":\"Cr\u00e9ons ensemble des int\u00e9rieurs uniques, entre \u00e9l\u00e9gance et fonctionnalit\u00e9.\",\"publisher\":{\"@id\":\"https:\\\/\\\/dustudio-interiors.com\\\/#organization\"},\"potentialAction\":[{\"@type\":\"SearchAction\",\"target\":{\"@type\":\"EntryPoint\",\"urlTemplate\":\"https:\\\/\\\/dustudio-interiors.com\\\/?s={search_term_string}\"},\"query-input\":{\"@type\":\"PropertyValueSpecification\",\"valueRequired\":true,\"valueName\":\"search_term_string\"}}],\"inLanguage\":\"fr-FR\"},{\"@type\":\"Organization\",\"@id\":\"https:\\\/\\\/dustudio-interiors.com\\\/#organization\",\"name\":\"DUstudiO Interiors\",\"url\":\"https:\\\/\\\/dustudio-interiors.com\\\/\",\"logo\":{\"@type\":\"ImageObject\",\"inLanguage\":\"fr-FR\",\"@id\":\"https:\\\/\\\/dustudio-interiors.com\\\/#\\\/schema\\\/logo\\\/image\\\/\",\"url\":\"https:\\\/\\\/dustudio-interiors.com\\\/wp-content\\\/uploads\\\/2017\\\/10\\\/logo-dustudio-social.png\",\"contentUrl\":\"https:\\\/\\\/dustudio-interiors.com\\\/wp-content\\\/uploads\\\/2017\\\/10\\\/logo-dustudio-social.png\",\"width\":170,\"height\":170,\"caption\":\"DUstudiO Interiors\"},\"image\":{\"@id\":\"https:\\\/\\\/dustudio-interiors.com\\\/#\\\/schema\\\/logo\\\/image\\\/\"},\"sameAs\":[\"https:\\\/\\\/www.facebook.com\\\/dustudio\\\/?locale=fr_FR\",\"https:\\\/\\\/www.instagram.com\\\/dustudio_interiors\\\/\",\"https:\\\/\\\/www.youtube.com\\\/channel\\\/UC3ub4LaoSfoFXAari2N1Bqg\"]}]}<\/script>\n<!-- \/ Yoast SEO plugin. -->","yoast_head_json":{"title":"Accompagnement R\u00e9novation \u00c9nerg\u00e9tique et Architecture d\u2019int\u00e9rieur","description":"Evaluation \u00e9nerg\u00e9tique. Regard global et accompagnement R\u00e9novation \u00c9nerg\u00e9tique et Architecture d\u2019int\u00e9rieur:","robots":{"index":"index","follow":"follow","max-snippet":"max-snippet:-1","max-image-preview":"max-image-preview:large","max-video-preview":"max-video-preview:-1"},"canonical":"https:\/\/dustudio-interiors.com\/index.php\/accompagnement-renovation-energetique-et-architecture-dinterieur\/","og_locale":"fr_FR","og_type":"article","og_title":"Accompagnement R\u00e9novation \u00c9nerg\u00e9tique et Architecture d\u2019int\u00e9rieur","og_description":"Evaluation \u00e9nerg\u00e9tique. Regard global et accompagnement R\u00e9novation \u00c9nerg\u00e9tique et Architecture d\u2019int\u00e9rieur:","og_url":"https:\/\/dustudio-interiors.com\/index.php\/accompagnement-renovation-energetique-et-architecture-dinterieur\/","article_publisher":"https:\/\/www.facebook.com\/dustudio\/?locale=fr_FR","article_modified_time":"2023-11-15T09:35:10+00:00","og_image":[{"url":"https:\/\/dustudio-interiors.com\/wp-content\/uploads\/2023\/11\/Screenshot-2023-11-14-143452.png","type":"","width":"","height":""}],"twitter_card":"summary_large_image","twitter_misc":{"Dur\u00e9e de lecture estim\u00e9e":"2 minutes"},"schema":{"@context":"https:\/\/schema.org","@graph":[{"@type":"WebPage","@id":"https:\/\/dustudio-interiors.com\/index.php\/accompagnement-renovation-energetique-et-architecture-dinterieur\/","url":"https:\/\/dustudio-interiors.com\/index.php\/accompagnement-renovation-energetique-et-architecture-dinterieur\/","name":"Accompagnement R\u00e9novation \u00c9nerg\u00e9tique et Architecture d\u2019int\u00e9rieur","isPartOf":{"@id":"https:\/\/dustudio-interiors.com\/#website"},"primaryImageOfPage":{"@id":"https:\/\/dustudio-interiors.com\/index.php\/accompagnement-renovation-energetique-et-architecture-dinterieur\/#primaryimage"},"image":{"@id":"https:\/\/dustudio-interiors.com\/index.php\/accompagnement-renovation-energetique-et-architecture-dinterieur\/#primaryimage"},"thumbnailUrl":"https:\/\/dustudio-interiors.com\/wp-content\/uploads\/2023\/11\/Screenshot-2023-11-14-143452.png","datePublished":"2023-11-14T13:53:33+00:00","dateModified":"2023-11-15T09:35:10+00:00","description":"Evaluation \u00e9nerg\u00e9tique. Regard global et accompagnement R\u00e9novation \u00c9nerg\u00e9tique et Architecture d\u2019int\u00e9rieur:","breadcrumb":{"@id":"https:\/\/dustudio-interiors.com\/index.php\/accompagnement-renovation-energetique-et-architecture-dinterieur\/#breadcrumb"},"inLanguage":"fr-FR","potentialAction":[{"@type":"ReadAction","target":["https:\/\/dustudio-interiors.com\/index.php\/accompagnement-renovation-energetique-et-architecture-dinterieur\/"]}]},{"@type":"ImageObject","inLanguage":"fr-FR","@id":"https:\/\/dustudio-interiors.com\/index.php\/accompagnement-renovation-energetique-et-architecture-dinterieur\/#primaryimage","url":"https:\/\/dustudio-interiors.com\/wp-content\/uploads\/2023\/11\/Screenshot-2023-11-14-143452.png","contentUrl":"https:\/\/dustudio-interiors.com\/wp-content\/uploads\/2023\/11\/Screenshot-2023-11-14-143452.png","width":463,"height":152,"caption":"Accompaniment Renovation \u00c9nerg\u00e9tique et Architecture d\u2019int\u00e9rieur evaluation \u00e9nerg\u00e9tique paris garches stcloud meudon suresnesboulogne billancourt 92"},{"@type":"BreadcrumbList","@id":"https:\/\/dustudio-interiors.com\/index.php\/accompagnement-renovation-energetique-et-architecture-dinterieur\/#breadcrumb","itemListElement":[{"@type":"ListItem","position":1,"name":"Accueil","item":"https:\/\/dustudio-interiors.com\/"},{"@type":"ListItem","position":2,"name":"Accompagnement R\u00c9NOVATION ENERGETIQUE"}]},{"@type":"WebSite","@id":"https:\/\/dustudio-interiors.com\/#website","url":"https:\/\/dustudio-interiors.com\/","name":"https:\/\/dustudio-interiors.com","description":"Cr\u00e9ons ensemble des int\u00e9rieurs uniques, entre \u00e9l\u00e9gance et fonctionnalit\u00e9.","publisher":{"@id":"https:\/\/dustudio-interiors.com\/#organization"},"potentialAction":[{"@type":"SearchAction","target":{"@type":"EntryPoint","urlTemplate":"https:\/\/dustudio-interiors.com\/?s={search_term_string}"},"query-input":{"@type":"PropertyValueSpecification","valueRequired":true,"valueName":"search_term_string"}}],"inLanguage":"fr-FR"},{"@type":"Organization","@id":"https:\/\/dustudio-interiors.com\/#organization","name":"DUstudiO Interiors","url":"https:\/\/dustudio-interiors.com\/","logo":{"@type":"ImageObject","inLanguage":"fr-FR","@id":"https:\/\/dustudio-interiors.com\/#\/schema\/logo\/image\/","url":"https:\/\/dustudio-interiors.com\/wp-content\/uploads\/2017\/10\/logo-dustudio-social.png","contentUrl":"https:\/\/dustudio-interiors.com\/wp-content\/uploads\/2017\/10\/logo-dustudio-social.png","width":170,"height":170,"caption":"DUstudiO Interiors"},"image":{"@id":"https:\/\/dustudio-interiors.com\/#\/schema\/logo\/image\/"},"sameAs":["https:\/\/www.facebook.com\/dustudio\/?locale=fr_FR","https:\/\/www.instagram.com\/dustudio_interiors\/","https:\/\/www.youtube.com\/channel\/UC3ub4LaoSfoFXAari2N1Bqg"]}]}},"_links":{"self":[{"href":"https:\/\/dustudio-interiors.com\/index.php\/wp-json\/wp\/v2\/pages\/1894","targetHints":{"allow":["GET"]}}],"collection":[{"href":"https:\/\/dustudio-interiors.com\/index.php\/wp-json\/wp\/v2\/pages"}],"about":[{"href":"https:\/\/dustudio-interiors.com\/index.php\/wp-json\/wp\/v2\/types\/page"}],"author":[{"embeddable":true,"href":"https:\/\/dustudio-interiors.com\/index.php\/wp-json\/wp\/v2\/users\/1"}],"replies":[{"embeddable":true,"href":"https:\/\/dustudio-interiors.com\/index.php\/wp-json\/wp\/v2\/comments?post=1894"}],"version-history":[{"count":63,"href":"https:\/\/dustudio-interiors.com\/index.php\/wp-json\/wp\/v2\/pages\/1894\/revisions"}],"predecessor-version":[{"id":2128,"href":"https:\/\/dustudio-interiors.com\/index.php\/wp-json\/wp\/v2\/pages\/1894\/revisions\/2128"}],"wp:attachment":[{"href":"https:\/\/dustudio-interiors.com\/index.php\/wp-json\/wp\/v2\/media?parent=1894"}],"curies":[{"name":"wp","href":"https:\/\/api.w.org\/{rel}","templated":true}]}}