{"id":2009,"date":"2024-01-09T11:47:55","date_gmt":"2024-01-09T10:47:55","guid":{"rendered":"https:\/\/dustudio-interiors.com\/?page_id=2009"},"modified":"2024-01-09T12:06:51","modified_gmt":"2024-01-09T11:06:51","slug":"valorisation-des-biens-immobiliers","status":"publish","type":"page","link":"https:\/\/dustudio-interiors.com\/index.php\/valorisation-des-biens-immobiliers\/","title":{"rendered":"VALORISATION DES BIENS IMMOBILIERS"},"content":{"rendered":"\n<p>Une approche et un accompagnement global dans les projets d&rsquo;architecture int\u00e9rieure et de r\u00e9novation \u00e9nerg\u00e9tique, en respectant la r\u00e9glementation, et assurant le confort avec la r\u00e9duction de la facture \u00e9nerg\u00e9tique. Valorisation des biens immobiliers et engagement dans une d\u00e9marche respectueuse de l&rsquo;environnement.<\/p>\n\n\n\n<figure class=\"wp-block-image size-large\"><img loading=\"lazy\" decoding=\"async\" width=\"1024\" height=\"322\" src=\"https:\/\/dustudio-interiors.com\/wp-content\/uploads\/2024\/01\/1-1024x322.png\" alt=\"Valorisation des biens immobiliers\" class=\"wp-image-2011\" srcset=\"https:\/\/dustudio-interiors.com\/wp-content\/uploads\/2024\/01\/1-1024x322.png 1024w, https:\/\/dustudio-interiors.com\/wp-content\/uploads\/2024\/01\/1-300x94.png 300w, https:\/\/dustudio-interiors.com\/wp-content\/uploads\/2024\/01\/1-768x242.png 768w, https:\/\/dustudio-interiors.com\/wp-content\/uploads\/2024\/01\/1-png.webp 924w\" sizes=\"auto, (max-width: 1024px) 100vw, 1024px\" \/><\/figure>\n\n\n\n<figure class=\"wp-block-image size-large\"><img loading=\"lazy\" decoding=\"async\" width=\"1024\" height=\"315\" src=\"https:\/\/dustudio-interiors.com\/wp-content\/uploads\/2024\/01\/2-1024x315.png\" alt=\"Valorisation des biens immobiliers\" class=\"wp-image-2012\" srcset=\"https:\/\/dustudio-interiors.com\/wp-content\/uploads\/2024\/01\/2-1024x315.png 1024w, https:\/\/dustudio-interiors.com\/wp-content\/uploads\/2024\/01\/2-300x92.png 300w, https:\/\/dustudio-interiors.com\/wp-content\/uploads\/2024\/01\/2-768x237.png 768w, https:\/\/dustudio-interiors.com\/wp-content\/uploads\/2024\/01\/2-png.webp 924w\" sizes=\"auto, (max-width: 1024px) 100vw, 1024px\" \/><\/figure>\n\n\n\n<figure class=\"wp-block-image size-full is-resized\"><img decoding=\"async\" src=\"https:\/\/dustudio-interiors.com\/wp-content\/uploads\/2024\/01\/3.png\" alt=\"Valorisation des biens immobiliers\" class=\"wp-image-2014\" style=\"width:860px;height:auto\"\/><\/figure>\n\n\n\n<figure class=\"wp-block-image size-full is-resized\"><img decoding=\"async\" src=\"https:\/\/dustudio-interiors.com\/wp-content\/uploads\/2024\/01\/4.png\" alt=\"Valorisation des biens immobiliers\" class=\"wp-image-2015\" style=\"width:827px;height:auto\"\/><\/figure>\n\n\n\n<p>POURQUOI EVALUATION ENERGETIQUE ?<\/p>\n\n\n\n<p>L\u2019audite \u00e9nerg\u00e9tique est obligatoire lors d&rsquo;une vente d&rsquo;une maison ou d&rsquo;un immeuble, class\u00e9 F ou G.<\/p>\n\n\n\n<p>Il n&rsquo;est pas obligatoire dans les autres cas. Cependant un Audite ou Evaluation \u00e9nerg\u00e9tique est tr\u00e8s fortement recommand\u00e9 avant de se lancer dans les travaux.<\/p>\n\n\n\n<p><strong>Quelle est la diff\u00e9rence entre un audit \u00e9nerg\u00e9tique et un DPE ? et Est-ce une bonne id\u00e9e de suivre les pr\u00e9conisations travaux du DPE ?<\/strong><\/p>\n\n\n\n<p>Le DPE est un outil pour mesurer la performance \u00e9nerg\u00e9tique. Il est r\u00e9alis\u00e9 par un diagnostiqueur.<\/p>\n\n\n\n<p>La mission principale du diagnostiqueur est de donner une note \u00e9nerg\u00e9tique, pas de faire les pr\u00e9conisations de travaux. Comme il n\u2019a pas le temps, ni l\u2019expertise, pour faire ces recommandations,<\/p>\n\n\n\n<p>Il rentre des pr\u00e9conisations standardis\u00e9es qui ne correspondent pas aux contraintes architecturales du b\u00e2timent ni optimales financi\u00e8rement : il existe d\u2019autres travaux \u00e0 privil\u00e9gier, qui auront un moindre co\u00fbt et un impact plus fort.<\/p>\n\n\n\n<p><strong>L&rsquo;audit \u00e9nerg\u00e9tique est l&rsquo;outil le plus adapt\u00e9 pour avoir des pr\u00e9conisations de travaux sur-mesure et qui permettront d&rsquo;optimiser le budget travaux et les aides financi\u00e8res \u00e9ventuelles \u00e0 r\u00e9cup\u00e9rer et la Valorisation des biens immobiliers<\/strong><\/p>\n\n\n\n<figure class=\"wp-block-image size-full\"><img decoding=\"async\" src=\"https:\/\/dustudio-interiors.com\/wp-content\/uploads\/2024\/01\/5.png\" alt=\"\" class=\"wp-image-2016\"\/><\/figure>\n","protected":false},"excerpt":{"rendered":"<p>Une approche et un accompagnement global dans les projets d&rsquo;architecture int\u00e9rieure et de r\u00e9novation \u00e9nerg\u00e9tique, en respectant la r\u00e9glementation, et assurant le confort avec la r\u00e9duction de la facture \u00e9nerg\u00e9tique. Valorisation des biens immobiliers et engagement dans une d\u00e9marche respectueuse de l&rsquo;environnement. POURQUOI EVALUATION ENERGETIQUE ? L\u2019audite \u00e9nerg\u00e9tique est obligatoire lors d&rsquo;une vente d&rsquo;une maison ou d&rsquo;un immeuble, class\u00e9 F ou G. Il n&rsquo;est pas obligatoire dans les autres cas.<\/p>\n<div class=\"read-more\"><a class=\"btn read-more-btn\" href=\"https:\/\/dustudio-interiors.com\/index.php\/valorisation-des-biens-immobiliers\/\">Read More<\/a><\/div>\n","protected":false},"author":1,"featured_media":0,"parent":0,"menu_order":0,"comment_status":"closed","ping_status":"closed","template":"","meta":{"om_disable_all_campaigns":false,"_monsterinsights_skip_tracking":false,"_monsterinsights_sitenote_active":false,"_monsterinsights_sitenote_note":"","_monsterinsights_sitenote_category":0,"footnotes":""},"class_list":["post-2009","page","type-page","status-publish","hentry"],"yoast_head":"<!-- This site is optimized with the Yoast SEO plugin v27.5 - https:\/\/yoast.com\/product\/yoast-seo-wordpress\/ -->\n<title>VALORISATION DES BIENS IMMOBILIERS :<\/title>\n<meta name=\"description\" content=\"Valorisation des biens immobiliers. Un accompagnement global dans les projets d&#039;architecture int\u00e9rieure et de r\u00e9novation \u00e9nerg\u00e9tique\" \/>\n<meta name=\"robots\" content=\"index, follow, max-snippet:-1, max-image-preview:large, max-video-preview:-1\" \/>\n<link rel=\"canonical\" href=\"https:\/\/dustudio-interiors.com\/index.php\/valorisation-des-biens-immobiliers\/\" \/>\n<meta property=\"og:locale\" content=\"fr_FR\" \/>\n<meta property=\"og:type\" content=\"article\" \/>\n<meta property=\"og:title\" content=\"VALORISATION DES BIENS IMMOBILIERS :\" \/>\n<meta property=\"og:description\" content=\"Valorisation des biens immobiliers. Un accompagnement global dans les projets d&#039;architecture int\u00e9rieure et de r\u00e9novation \u00e9nerg\u00e9tique\" \/>\n<meta property=\"og:url\" content=\"https:\/\/dustudio-interiors.com\/index.php\/valorisation-des-biens-immobiliers\/\" \/>\n<meta property=\"article:publisher\" content=\"https:\/\/www.facebook.com\/dustudio\/?locale=fr_FR\" \/>\n<meta property=\"article:modified_time\" content=\"2024-01-09T11:06:51+00:00\" \/>\n<meta property=\"og:image\" content=\"https:\/\/dustudio-interiors.com\/wp-content\/uploads\/2024\/01\/1-1024x322.png\" \/>\n<meta name=\"twitter:card\" content=\"summary_large_image\" \/>\n<meta name=\"twitter:label1\" content=\"Dur\u00e9e de lecture estim\u00e9e\" \/>\n\t<meta name=\"twitter:data1\" content=\"3 minutes\" \/>\n<script type=\"application\/ld+json\" class=\"yoast-schema-graph\">{\"@context\":\"https:\\\/\\\/schema.org\",\"@graph\":[{\"@type\":\"WebPage\",\"@id\":\"https:\\\/\\\/dustudio-interiors.com\\\/index.php\\\/valorisation-des-biens-immobiliers\\\/\",\"url\":\"https:\\\/\\\/dustudio-interiors.com\\\/index.php\\\/valorisation-des-biens-immobiliers\\\/\",\"name\":\"VALORISATION DES BIENS IMMOBILIERS :\",\"isPartOf\":{\"@id\":\"https:\\\/\\\/dustudio-interiors.com\\\/#website\"},\"primaryImageOfPage\":{\"@id\":\"https:\\\/\\\/dustudio-interiors.com\\\/index.php\\\/valorisation-des-biens-immobiliers\\\/#primaryimage\"},\"image\":{\"@id\":\"https:\\\/\\\/dustudio-interiors.com\\\/index.php\\\/valorisation-des-biens-immobiliers\\\/#primaryimage\"},\"thumbnailUrl\":\"https:\\\/\\\/dustudio-interiors.com\\\/wp-content\\\/uploads\\\/2024\\\/01\\\/1-1024x322.png\",\"datePublished\":\"2024-01-09T10:47:55+00:00\",\"dateModified\":\"2024-01-09T11:06:51+00:00\",\"description\":\"Valorisation des biens immobiliers. Un accompagnement global dans les projets d'architecture int\u00e9rieure et de r\u00e9novation \u00e9nerg\u00e9tique\",\"breadcrumb\":{\"@id\":\"https:\\\/\\\/dustudio-interiors.com\\\/index.php\\\/valorisation-des-biens-immobiliers\\\/#breadcrumb\"},\"inLanguage\":\"fr-FR\",\"potentialAction\":[{\"@type\":\"ReadAction\",\"target\":[\"https:\\\/\\\/dustudio-interiors.com\\\/index.php\\\/valorisation-des-biens-immobiliers\\\/\"]}]},{\"@type\":\"ImageObject\",\"inLanguage\":\"fr-FR\",\"@id\":\"https:\\\/\\\/dustudio-interiors.com\\\/index.php\\\/valorisation-des-biens-immobiliers\\\/#primaryimage\",\"url\":\"https:\\\/\\\/dustudio-interiors.com\\\/wp-content\\\/uploads\\\/2024\\\/01\\\/1-png.webp\",\"contentUrl\":\"https:\\\/\\\/dustudio-interiors.com\\\/wp-content\\\/uploads\\\/2024\\\/01\\\/1-png.webp\",\"width\":924,\"height\":291,\"caption\":\"Olga Dusciac \\\/ DUstudiO Interiors\"},{\"@type\":\"BreadcrumbList\",\"@id\":\"https:\\\/\\\/dustudio-interiors.com\\\/index.php\\\/valorisation-des-biens-immobiliers\\\/#breadcrumb\",\"itemListElement\":[{\"@type\":\"ListItem\",\"position\":1,\"name\":\"Accueil\",\"item\":\"https:\\\/\\\/dustudio-interiors.com\\\/\"},{\"@type\":\"ListItem\",\"position\":2,\"name\":\"VALORISATION DES BIENS IMMOBILIERS\"}]},{\"@type\":\"WebSite\",\"@id\":\"https:\\\/\\\/dustudio-interiors.com\\\/#website\",\"url\":\"https:\\\/\\\/dustudio-interiors.com\\\/\",\"name\":\"https:\\\/\\\/dustudio-interiors.com\",\"description\":\"Cr\u00e9ons ensemble des int\u00e9rieurs uniques, entre \u00e9l\u00e9gance et fonctionnalit\u00e9.\",\"publisher\":{\"@id\":\"https:\\\/\\\/dustudio-interiors.com\\\/#organization\"},\"potentialAction\":[{\"@type\":\"SearchAction\",\"target\":{\"@type\":\"EntryPoint\",\"urlTemplate\":\"https:\\\/\\\/dustudio-interiors.com\\\/?s={search_term_string}\"},\"query-input\":{\"@type\":\"PropertyValueSpecification\",\"valueRequired\":true,\"valueName\":\"search_term_string\"}}],\"inLanguage\":\"fr-FR\"},{\"@type\":\"Organization\",\"@id\":\"https:\\\/\\\/dustudio-interiors.com\\\/#organization\",\"name\":\"DUstudiO Interiors\",\"url\":\"https:\\\/\\\/dustudio-interiors.com\\\/\",\"logo\":{\"@type\":\"ImageObject\",\"inLanguage\":\"fr-FR\",\"@id\":\"https:\\\/\\\/dustudio-interiors.com\\\/#\\\/schema\\\/logo\\\/image\\\/\",\"url\":\"https:\\\/\\\/dustudio-interiors.com\\\/wp-content\\\/uploads\\\/2017\\\/10\\\/logo-dustudio-social.png\",\"contentUrl\":\"https:\\\/\\\/dustudio-interiors.com\\\/wp-content\\\/uploads\\\/2017\\\/10\\\/logo-dustudio-social.png\",\"width\":170,\"height\":170,\"caption\":\"DUstudiO Interiors\"},\"image\":{\"@id\":\"https:\\\/\\\/dustudio-interiors.com\\\/#\\\/schema\\\/logo\\\/image\\\/\"},\"sameAs\":[\"https:\\\/\\\/www.facebook.com\\\/dustudio\\\/?locale=fr_FR\",\"https:\\\/\\\/www.instagram.com\\\/dustudio_interiors\\\/\",\"https:\\\/\\\/www.youtube.com\\\/channel\\\/UC3ub4LaoSfoFXAari2N1Bqg\"]}]}<\/script>\n<!-- \/ Yoast SEO plugin. -->","yoast_head_json":{"title":"VALORISATION DES BIENS IMMOBILIERS :","description":"Valorisation des biens immobiliers. Un accompagnement global dans les projets d'architecture int\u00e9rieure et de r\u00e9novation \u00e9nerg\u00e9tique","robots":{"index":"index","follow":"follow","max-snippet":"max-snippet:-1","max-image-preview":"max-image-preview:large","max-video-preview":"max-video-preview:-1"},"canonical":"https:\/\/dustudio-interiors.com\/index.php\/valorisation-des-biens-immobiliers\/","og_locale":"fr_FR","og_type":"article","og_title":"VALORISATION DES BIENS IMMOBILIERS :","og_description":"Valorisation des biens immobiliers. Un accompagnement global dans les projets d'architecture int\u00e9rieure et de r\u00e9novation \u00e9nerg\u00e9tique","og_url":"https:\/\/dustudio-interiors.com\/index.php\/valorisation-des-biens-immobiliers\/","article_publisher":"https:\/\/www.facebook.com\/dustudio\/?locale=fr_FR","article_modified_time":"2024-01-09T11:06:51+00:00","og_image":[{"url":"https:\/\/dustudio-interiors.com\/wp-content\/uploads\/2024\/01\/1-1024x322.png","type":"","width":"","height":""}],"twitter_card":"summary_large_image","twitter_misc":{"Dur\u00e9e de lecture estim\u00e9e":"3 minutes"},"schema":{"@context":"https:\/\/schema.org","@graph":[{"@type":"WebPage","@id":"https:\/\/dustudio-interiors.com\/index.php\/valorisation-des-biens-immobiliers\/","url":"https:\/\/dustudio-interiors.com\/index.php\/valorisation-des-biens-immobiliers\/","name":"VALORISATION DES BIENS IMMOBILIERS :","isPartOf":{"@id":"https:\/\/dustudio-interiors.com\/#website"},"primaryImageOfPage":{"@id":"https:\/\/dustudio-interiors.com\/index.php\/valorisation-des-biens-immobiliers\/#primaryimage"},"image":{"@id":"https:\/\/dustudio-interiors.com\/index.php\/valorisation-des-biens-immobiliers\/#primaryimage"},"thumbnailUrl":"https:\/\/dustudio-interiors.com\/wp-content\/uploads\/2024\/01\/1-1024x322.png","datePublished":"2024-01-09T10:47:55+00:00","dateModified":"2024-01-09T11:06:51+00:00","description":"Valorisation des biens immobiliers. Un accompagnement global dans les projets d'architecture int\u00e9rieure et de r\u00e9novation \u00e9nerg\u00e9tique","breadcrumb":{"@id":"https:\/\/dustudio-interiors.com\/index.php\/valorisation-des-biens-immobiliers\/#breadcrumb"},"inLanguage":"fr-FR","potentialAction":[{"@type":"ReadAction","target":["https:\/\/dustudio-interiors.com\/index.php\/valorisation-des-biens-immobiliers\/"]}]},{"@type":"ImageObject","inLanguage":"fr-FR","@id":"https:\/\/dustudio-interiors.com\/index.php\/valorisation-des-biens-immobiliers\/#primaryimage","url":"https:\/\/dustudio-interiors.com\/wp-content\/uploads\/2024\/01\/1-png.webp","contentUrl":"https:\/\/dustudio-interiors.com\/wp-content\/uploads\/2024\/01\/1-png.webp","width":924,"height":291,"caption":"Olga Dusciac \/ DUstudiO Interiors"},{"@type":"BreadcrumbList","@id":"https:\/\/dustudio-interiors.com\/index.php\/valorisation-des-biens-immobiliers\/#breadcrumb","itemListElement":[{"@type":"ListItem","position":1,"name":"Accueil","item":"https:\/\/dustudio-interiors.com\/"},{"@type":"ListItem","position":2,"name":"VALORISATION DES BIENS IMMOBILIERS"}]},{"@type":"WebSite","@id":"https:\/\/dustudio-interiors.com\/#website","url":"https:\/\/dustudio-interiors.com\/","name":"https:\/\/dustudio-interiors.com","description":"Cr\u00e9ons ensemble des int\u00e9rieurs uniques, entre \u00e9l\u00e9gance et fonctionnalit\u00e9.","publisher":{"@id":"https:\/\/dustudio-interiors.com\/#organization"},"potentialAction":[{"@type":"SearchAction","target":{"@type":"EntryPoint","urlTemplate":"https:\/\/dustudio-interiors.com\/?s={search_term_string}"},"query-input":{"@type":"PropertyValueSpecification","valueRequired":true,"valueName":"search_term_string"}}],"inLanguage":"fr-FR"},{"@type":"Organization","@id":"https:\/\/dustudio-interiors.com\/#organization","name":"DUstudiO Interiors","url":"https:\/\/dustudio-interiors.com\/","logo":{"@type":"ImageObject","inLanguage":"fr-FR","@id":"https:\/\/dustudio-interiors.com\/#\/schema\/logo\/image\/","url":"https:\/\/dustudio-interiors.com\/wp-content\/uploads\/2017\/10\/logo-dustudio-social.png","contentUrl":"https:\/\/dustudio-interiors.com\/wp-content\/uploads\/2017\/10\/logo-dustudio-social.png","width":170,"height":170,"caption":"DUstudiO Interiors"},"image":{"@id":"https:\/\/dustudio-interiors.com\/#\/schema\/logo\/image\/"},"sameAs":["https:\/\/www.facebook.com\/dustudio\/?locale=fr_FR","https:\/\/www.instagram.com\/dustudio_interiors\/","https:\/\/www.youtube.com\/channel\/UC3ub4LaoSfoFXAari2N1Bqg"]}]}},"_links":{"self":[{"href":"https:\/\/dustudio-interiors.com\/index.php\/wp-json\/wp\/v2\/pages\/2009","targetHints":{"allow":["GET"]}}],"collection":[{"href":"https:\/\/dustudio-interiors.com\/index.php\/wp-json\/wp\/v2\/pages"}],"about":[{"href":"https:\/\/dustudio-interiors.com\/index.php\/wp-json\/wp\/v2\/types\/page"}],"author":[{"embeddable":true,"href":"https:\/\/dustudio-interiors.com\/index.php\/wp-json\/wp\/v2\/users\/1"}],"replies":[{"embeddable":true,"href":"https:\/\/dustudio-interiors.com\/index.php\/wp-json\/wp\/v2\/comments?post=2009"}],"version-history":[{"count":6,"href":"https:\/\/dustudio-interiors.com\/index.php\/wp-json\/wp\/v2\/pages\/2009\/revisions"}],"predecessor-version":[{"id":2029,"href":"https:\/\/dustudio-interiors.com\/index.php\/wp-json\/wp\/v2\/pages\/2009\/revisions\/2029"}],"wp:attachment":[{"href":"https:\/\/dustudio-interiors.com\/index.php\/wp-json\/wp\/v2\/media?parent=2009"}],"curies":[{"name":"wp","href":"https:\/\/api.w.org\/{rel}","templated":true}]}}