{"id":2176,"date":"2024-11-25T16:10:34","date_gmt":"2024-11-25T15:10:34","guid":{"rendered":"https:\/\/dustudio-interiors.com\/?page_id=2176"},"modified":"2025-10-26T16:46:20","modified_gmt":"2025-10-26T15:46:20","slug":"carte-cadeau","status":"publish","type":"page","link":"https:\/\/dustudio-interiors.com\/index.php\/carte-cadeau\/","title":{"rendered":"A OFFRIR"},"content":{"rendered":"\n<p><strong>Offrez un cadeau unique et attentionn\u00e9 !<\/strong><br>Nos cartes cadeaux sont parfaites pour :<\/p>\n\n\n\n<ul class=\"wp-block-list\">\n<li><strong>Coaching d\u00e9co personnalis\u00e9<\/strong> : des conseils pratiques pour optimiser un int\u00e9rieur.<\/li>\n\n\n\n<li><strong>Consultation d\u00e9co<\/strong> : r\u00e9v\u00e9ler le potentiel d\u2019un espace, en visio ou \u00e0 domicile.<\/li>\n\n\n\n<li><strong>Projets de r\u00e9novation<\/strong> : un premier pas professionnel pour transformer vos id\u00e9es en r\u00e9alit\u00e9.<\/li>\n<\/ul>\n\n\n\n<p><strong>\u00c0 offrir ou \u00e0 s\u2019offrir, c\u2019est un cadeau original pour d\u00e9marrer un projet d\u2019exception !<\/strong><\/p>\n\n\n<div class=\"gift-up-target\" \r\n            data-site-id=\"69a4d98c-2365-43d6-b273-08dd0d4f5827\" \r\n            data-domain=\"\"\r\n            data-product-id=\"\"\r\n            data-group-id=\"\"\r\n            data-payment-methods=\"\"\r\n            data-language=\"\"\r\n            data-purchaser-name=\"\"\r\n            data-purchaser-email=\"\"\r\n            data-recipient-name=\"\"\r\n            data-recipient-email=\"\"\r\n            data-step=\"\"\r\n            data-who-for=\"\"\r\n            data-promo-code=\"\"\r\n            data-hide-artwork=\"\"\r\n            data-hide-groups=\"\"\r\n            data-hide-ungrouped-items=\"\"\r\n            data-hide-custom-value=\"\"\r\n            data-custom-value-amount=\"\"\r\n            data-referrer=\"\"\r\n            data-platform=\"Wordpress\"\r\n        ><\/div>\r\n        <script type=\"text\/javascript\">\r\n        (function (g, i, f, t, u, p, s) {\r\n            g[u] = g[u] || function() { (g[u].q = g[u].q || []).push(arguments) };\r\n            p = i.createElement(f);\r\n            p.async = 1;\r\n            p.src = t;\r\n            s = i.getElementsByTagName(f)[0];\r\n            s.parentNode.insertBefore(p, s);\r\n        })(window, document, 'script', 'https:\/\/cdn.giftup.app\/dist\/gift-up.js', 'giftup');\r\n        <\/script>\n","protected":false},"excerpt":{"rendered":"<p>Offrez un cadeau unique et attentionn\u00e9 !Nos cartes cadeaux sont parfaites pour : \u00c0 offrir ou \u00e0 s\u2019offrir, c\u2019est un cadeau original pour d\u00e9marrer un projet d\u2019exception !<\/p>\n","protected":false},"author":1,"featured_media":0,"parent":0,"menu_order":0,"comment_status":"closed","ping_status":"closed","template":"","meta":{"om_disable_all_campaigns":false,"_monsterinsights_skip_tracking":false,"_monsterinsights_sitenote_active":false,"_monsterinsights_sitenote_note":"","_monsterinsights_sitenote_category":0,"footnotes":""},"class_list":["post-2176","page","type-page","status-publish","hentry"],"yoast_head":"<!-- This site is optimized with the Yoast SEO plugin v27.5 - https:\/\/yoast.com\/product\/yoast-seo-wordpress\/ -->\n<title>A OFFRIR :<\/title>\n<meta name=\"robots\" content=\"index, follow, max-snippet:-1, max-image-preview:large, max-video-preview:-1\" \/>\n<link rel=\"canonical\" href=\"https:\/\/dustudio-interiors.com\/index.php\/carte-cadeau\/\" \/>\n<meta property=\"og:locale\" content=\"fr_FR\" \/>\n<meta property=\"og:type\" content=\"article\" \/>\n<meta property=\"og:title\" content=\"A OFFRIR :\" \/>\n<meta property=\"og:description\" content=\"Offrez un cadeau unique et attentionn\u00e9 !Nos cartes cadeaux sont parfaites pour : \u00c0 offrir ou \u00e0 s\u2019offrir, c\u2019est un cadeau original pour d\u00e9marrer un projet d\u2019exception !\" \/>\n<meta property=\"og:url\" content=\"https:\/\/dustudio-interiors.com\/index.php\/carte-cadeau\/\" \/>\n<meta property=\"article:publisher\" content=\"https:\/\/www.facebook.com\/dustudio\/?locale=fr_FR\" \/>\n<meta property=\"article:modified_time\" content=\"2025-10-26T15:46:20+00:00\" \/>\n<meta name=\"twitter:card\" content=\"summary_large_image\" \/>\n<meta name=\"twitter:label1\" content=\"Dur\u00e9e de lecture estim\u00e9e\" \/>\n\t<meta name=\"twitter:data1\" content=\"1 minute\" \/>\n<script type=\"application\/ld+json\" class=\"yoast-schema-graph\">{\"@context\":\"https:\\\/\\\/schema.org\",\"@graph\":[{\"@type\":\"WebPage\",\"@id\":\"https:\\\/\\\/dustudio-interiors.com\\\/index.php\\\/carte-cadeau\\\/\",\"url\":\"https:\\\/\\\/dustudio-interiors.com\\\/index.php\\\/carte-cadeau\\\/\",\"name\":\"A OFFRIR :\",\"isPartOf\":{\"@id\":\"https:\\\/\\\/dustudio-interiors.com\\\/#website\"},\"datePublished\":\"2024-11-25T15:10:34+00:00\",\"dateModified\":\"2025-10-26T15:46:20+00:00\",\"breadcrumb\":{\"@id\":\"https:\\\/\\\/dustudio-interiors.com\\\/index.php\\\/carte-cadeau\\\/#breadcrumb\"},\"inLanguage\":\"fr-FR\",\"potentialAction\":[{\"@type\":\"ReadAction\",\"target\":[\"https:\\\/\\\/dustudio-interiors.com\\\/index.php\\\/carte-cadeau\\\/\"]}]},{\"@type\":\"BreadcrumbList\",\"@id\":\"https:\\\/\\\/dustudio-interiors.com\\\/index.php\\\/carte-cadeau\\\/#breadcrumb\",\"itemListElement\":[{\"@type\":\"ListItem\",\"position\":1,\"name\":\"Accueil\",\"item\":\"https:\\\/\\\/dustudio-interiors.com\\\/\"},{\"@type\":\"ListItem\",\"position\":2,\"name\":\"A OFFRIR\"}]},{\"@type\":\"WebSite\",\"@id\":\"https:\\\/\\\/dustudio-interiors.com\\\/#website\",\"url\":\"https:\\\/\\\/dustudio-interiors.com\\\/\",\"name\":\"https:\\\/\\\/dustudio-interiors.com\",\"description\":\"Cr\u00e9ons ensemble des int\u00e9rieurs uniques, entre \u00e9l\u00e9gance et fonctionnalit\u00e9.\",\"publisher\":{\"@id\":\"https:\\\/\\\/dustudio-interiors.com\\\/#organization\"},\"potentialAction\":[{\"@type\":\"SearchAction\",\"target\":{\"@type\":\"EntryPoint\",\"urlTemplate\":\"https:\\\/\\\/dustudio-interiors.com\\\/?s={search_term_string}\"},\"query-input\":{\"@type\":\"PropertyValueSpecification\",\"valueRequired\":true,\"valueName\":\"search_term_string\"}}],\"inLanguage\":\"fr-FR\"},{\"@type\":\"Organization\",\"@id\":\"https:\\\/\\\/dustudio-interiors.com\\\/#organization\",\"name\":\"DUstudiO Interiors\",\"url\":\"https:\\\/\\\/dustudio-interiors.com\\\/\",\"logo\":{\"@type\":\"ImageObject\",\"inLanguage\":\"fr-FR\",\"@id\":\"https:\\\/\\\/dustudio-interiors.com\\\/#\\\/schema\\\/logo\\\/image\\\/\",\"url\":\"https:\\\/\\\/dustudio-interiors.com\\\/wp-content\\\/uploads\\\/2017\\\/10\\\/logo-dustudio-social.png\",\"contentUrl\":\"https:\\\/\\\/dustudio-interiors.com\\\/wp-content\\\/uploads\\\/2017\\\/10\\\/logo-dustudio-social.png\",\"width\":170,\"height\":170,\"caption\":\"DUstudiO Interiors\"},\"image\":{\"@id\":\"https:\\\/\\\/dustudio-interiors.com\\\/#\\\/schema\\\/logo\\\/image\\\/\"},\"sameAs\":[\"https:\\\/\\\/www.facebook.com\\\/dustudio\\\/?locale=fr_FR\",\"https:\\\/\\\/www.instagram.com\\\/dustudio_interiors\\\/\",\"https:\\\/\\\/www.youtube.com\\\/channel\\\/UC3ub4LaoSfoFXAari2N1Bqg\"]}]}<\/script>\n<!-- \/ Yoast SEO plugin. -->","yoast_head_json":{"title":"A OFFRIR :","robots":{"index":"index","follow":"follow","max-snippet":"max-snippet:-1","max-image-preview":"max-image-preview:large","max-video-preview":"max-video-preview:-1"},"canonical":"https:\/\/dustudio-interiors.com\/index.php\/carte-cadeau\/","og_locale":"fr_FR","og_type":"article","og_title":"A OFFRIR :","og_description":"Offrez un cadeau unique et attentionn\u00e9 !Nos cartes cadeaux sont parfaites pour : \u00c0 offrir ou \u00e0 s\u2019offrir, c\u2019est un cadeau original pour d\u00e9marrer un projet d\u2019exception !","og_url":"https:\/\/dustudio-interiors.com\/index.php\/carte-cadeau\/","article_publisher":"https:\/\/www.facebook.com\/dustudio\/?locale=fr_FR","article_modified_time":"2025-10-26T15:46:20+00:00","twitter_card":"summary_large_image","twitter_misc":{"Dur\u00e9e de lecture estim\u00e9e":"1 minute"},"schema":{"@context":"https:\/\/schema.org","@graph":[{"@type":"WebPage","@id":"https:\/\/dustudio-interiors.com\/index.php\/carte-cadeau\/","url":"https:\/\/dustudio-interiors.com\/index.php\/carte-cadeau\/","name":"A OFFRIR :","isPartOf":{"@id":"https:\/\/dustudio-interiors.com\/#website"},"datePublished":"2024-11-25T15:10:34+00:00","dateModified":"2025-10-26T15:46:20+00:00","breadcrumb":{"@id":"https:\/\/dustudio-interiors.com\/index.php\/carte-cadeau\/#breadcrumb"},"inLanguage":"fr-FR","potentialAction":[{"@type":"ReadAction","target":["https:\/\/dustudio-interiors.com\/index.php\/carte-cadeau\/"]}]},{"@type":"BreadcrumbList","@id":"https:\/\/dustudio-interiors.com\/index.php\/carte-cadeau\/#breadcrumb","itemListElement":[{"@type":"ListItem","position":1,"name":"Accueil","item":"https:\/\/dustudio-interiors.com\/"},{"@type":"ListItem","position":2,"name":"A OFFRIR"}]},{"@type":"WebSite","@id":"https:\/\/dustudio-interiors.com\/#website","url":"https:\/\/dustudio-interiors.com\/","name":"https:\/\/dustudio-interiors.com","description":"Cr\u00e9ons ensemble des int\u00e9rieurs uniques, entre \u00e9l\u00e9gance et fonctionnalit\u00e9.","publisher":{"@id":"https:\/\/dustudio-interiors.com\/#organization"},"potentialAction":[{"@type":"SearchAction","target":{"@type":"EntryPoint","urlTemplate":"https:\/\/dustudio-interiors.com\/?s={search_term_string}"},"query-input":{"@type":"PropertyValueSpecification","valueRequired":true,"valueName":"search_term_string"}}],"inLanguage":"fr-FR"},{"@type":"Organization","@id":"https:\/\/dustudio-interiors.com\/#organization","name":"DUstudiO Interiors","url":"https:\/\/dustudio-interiors.com\/","logo":{"@type":"ImageObject","inLanguage":"fr-FR","@id":"https:\/\/dustudio-interiors.com\/#\/schema\/logo\/image\/","url":"https:\/\/dustudio-interiors.com\/wp-content\/uploads\/2017\/10\/logo-dustudio-social.png","contentUrl":"https:\/\/dustudio-interiors.com\/wp-content\/uploads\/2017\/10\/logo-dustudio-social.png","width":170,"height":170,"caption":"DUstudiO Interiors"},"image":{"@id":"https:\/\/dustudio-interiors.com\/#\/schema\/logo\/image\/"},"sameAs":["https:\/\/www.facebook.com\/dustudio\/?locale=fr_FR","https:\/\/www.instagram.com\/dustudio_interiors\/","https:\/\/www.youtube.com\/channel\/UC3ub4LaoSfoFXAari2N1Bqg"]}]}},"_links":{"self":[{"href":"https:\/\/dustudio-interiors.com\/index.php\/wp-json\/wp\/v2\/pages\/2176","targetHints":{"allow":["GET"]}}],"collection":[{"href":"https:\/\/dustudio-interiors.com\/index.php\/wp-json\/wp\/v2\/pages"}],"about":[{"href":"https:\/\/dustudio-interiors.com\/index.php\/wp-json\/wp\/v2\/types\/page"}],"author":[{"embeddable":true,"href":"https:\/\/dustudio-interiors.com\/index.php\/wp-json\/wp\/v2\/users\/1"}],"replies":[{"embeddable":true,"href":"https:\/\/dustudio-interiors.com\/index.php\/wp-json\/wp\/v2\/comments?post=2176"}],"version-history":[{"count":4,"href":"https:\/\/dustudio-interiors.com\/index.php\/wp-json\/wp\/v2\/pages\/2176\/revisions"}],"predecessor-version":[{"id":2309,"href":"https:\/\/dustudio-interiors.com\/index.php\/wp-json\/wp\/v2\/pages\/2176\/revisions\/2309"}],"wp:attachment":[{"href":"https:\/\/dustudio-interiors.com\/index.php\/wp-json\/wp\/v2\/media?parent=2176"}],"curies":[{"name":"wp","href":"https:\/\/api.w.org\/{rel}","templated":true}]}}