{"id":235,"date":"2019-06-02T18:53:27","date_gmt":"2019-06-02T16:53:27","guid":{"rendered":"https:\/\/dustudio-interiors.com\/?page_id=235"},"modified":"2019-11-17T17:48:48","modified_gmt":"2019-11-17T16:48:48","slug":"pigalle_project","status":"publish","type":"page","link":"https:\/\/dustudio-interiors.com\/index.php\/plans-plan-architecte-etude-partielle\/pigalle_project\/","title":{"rendered":"PIGALLE_project"},"content":{"rendered":"\n<p style=\"text-align:center\" class=\"has-text-color has-background has-medium-font-size has-very-light-gray-color has-very-dark-gray-background-color\"><strong>Projet de re-am\u00e9nagement <\/strong> <strong>du studio de 14m\u00b2<\/strong> <\/p>\n\n\n\n<figure class=\"wp-block-image\"><img loading=\"lazy\" decoding=\"async\" width=\"722\" height=\"671\" src=\"https:\/\/dustudio-interiors.com\/wp-content\/uploads\/2019\/06\/avan.png\" alt=\"\" class=\"wp-image-236\" srcset=\"https:\/\/dustudio-interiors.com\/wp-content\/uploads\/2019\/06\/avan.png 722w, https:\/\/dustudio-interiors.com\/wp-content\/uploads\/2019\/06\/avan-300x279.png 300w\" sizes=\"auto, (max-width: 722px) 100vw, 722px\" \/><figcaption>PLAN EXISTENT<\/figcaption><\/figure>\n\n\n\n<p>Gros travail technique d\u2019am\u00e9lioration des conditions de vie, fonctionnalit\u00e9 et ergonomie de cette petite surface.&nbsp;<br>Lors de la premi\u00e8re visite nous avons constat\u00e9 que le positionnement de la salle d&rsquo;eau et des WC \u00e9tait contre toute loi thermodynamique ce qu&rsquo;engendrait des d\u00e9g\u00e2ts des eaux \u00e0 r\u00e9p\u00e9tition et donc nous avons repens\u00e9 totalement la distribution d&rsquo;espace afin de rapprocher les \u00e9l\u00e9ments humides vers les colonnes techniques d&rsquo;arriv\u00e9e et d\u00e9charge d&rsquo;eau.<\/p>\n\n\n\n<figure class=\"wp-block-image\"><img loading=\"lazy\" decoding=\"async\" width=\"718\" height=\"671\" src=\"https:\/\/dustudio-interiors.com\/wp-content\/uploads\/2019\/06\/1.png\" alt=\"\" class=\"wp-image-237\" srcset=\"https:\/\/dustudio-interiors.com\/wp-content\/uploads\/2019\/06\/1.png 718w, https:\/\/dustudio-interiors.com\/wp-content\/uploads\/2019\/06\/1-300x280.png 300w\" sizes=\"auto, (max-width: 718px) 100vw, 718px\" \/><figcaption>Option A<\/figcaption><\/figure>\n\n\n\n<figure class=\"wp-block-image\"><img loading=\"lazy\" decoding=\"async\" width=\"723\" height=\"675\" src=\"https:\/\/dustudio-interiors.com\/wp-content\/uploads\/2019\/06\/2.png\" alt=\"\" class=\"wp-image-238\" srcset=\"https:\/\/dustudio-interiors.com\/wp-content\/uploads\/2019\/06\/2.png 723w, https:\/\/dustudio-interiors.com\/wp-content\/uploads\/2019\/06\/2-300x280.png 300w\" sizes=\"auto, (max-width: 723px) 100vw, 723px\" \/><figcaption>Option B<\/figcaption><\/figure>\n\n\n\n<figure class=\"wp-block-image\"><img loading=\"lazy\" decoding=\"async\" width=\"717\" height=\"672\" src=\"https:\/\/dustudio-interiors.com\/wp-content\/uploads\/2019\/06\/3.png\" alt=\"\" class=\"wp-image-239\" srcset=\"https:\/\/dustudio-interiors.com\/wp-content\/uploads\/2019\/06\/3.png 717w, https:\/\/dustudio-interiors.com\/wp-content\/uploads\/2019\/06\/3-300x281.png 300w\" sizes=\"auto, (max-width: 717px) 100vw, 717px\" \/><figcaption>Option C<\/figcaption><\/figure>\n\n\n\n<p style=\"text-align:center\" class=\"has-text-color has-vivid-cyan-blue-color\"><strong><a href=\"https:\/\/dustudio-interiors.com\/index.php\/realisation\/piggalle-_project\/\">=> PHOTOS PROJET R\u00c9ALIS\u00c9<\/a><\/strong><\/p>\n","protected":false},"excerpt":{"rendered":"<p>Projet de re-am\u00e9nagement du studio de 14m\u00b2 Gros travail technique d\u2019am\u00e9lioration des conditions de vie, fonctionnalit\u00e9 et ergonomie de cette petite surface.&nbsp;Lors de la premi\u00e8re visite nous avons constat\u00e9 que le positionnement de la salle d&rsquo;eau et des WC \u00e9tait contre toute loi thermodynamique ce qu&rsquo;engendrait des d\u00e9g\u00e2ts des eaux \u00e0 r\u00e9p\u00e9tition et donc nous avons repens\u00e9 totalement la distribution d&rsquo;espace afin de rapprocher les \u00e9l\u00e9ments humides vers les colonnes<\/p>\n<div class=\"read-more\"><a class=\"btn read-more-btn\" href=\"https:\/\/dustudio-interiors.com\/index.php\/plans-plan-architecte-etude-partielle\/pigalle_project\/\">Read More<\/a><\/div>\n","protected":false},"author":1,"featured_media":0,"parent":79,"menu_order":0,"comment_status":"closed","ping_status":"closed","template":"","meta":{"om_disable_all_campaigns":false,"_monsterinsights_skip_tracking":false,"_monsterinsights_sitenote_active":false,"_monsterinsights_sitenote_note":"","_monsterinsights_sitenote_category":0,"footnotes":""},"class_list":["post-235","page","type-page","status-publish","hentry"],"yoast_head":"<!-- This site is optimized with the Yoast SEO plugin v27.3 - https:\/\/yoast.com\/product\/yoast-seo-wordpress\/ -->\n<title>PIGALLE_project :<\/title>\n<meta name=\"robots\" content=\"index, follow, max-snippet:-1, max-image-preview:large, max-video-preview:-1\" \/>\n<link rel=\"canonical\" href=\"https:\/\/dustudio-interiors.com\/index.php\/plans-plan-architecte-etude-partielle\/pigalle_project\/\" \/>\n<meta property=\"og:locale\" content=\"fr_FR\" \/>\n<meta property=\"og:type\" content=\"article\" \/>\n<meta property=\"og:title\" content=\"PIGALLE_project :\" \/>\n<meta property=\"og:description\" content=\"Projet de re-am\u00e9nagement du studio de 14m\u00b2 Gros travail technique d\u2019am\u00e9lioration des conditions de vie, fonctionnalit\u00e9 et ergonomie de cette petite surface.&nbsp;Lors de la premi\u00e8re visite nous avons constat\u00e9 que le positionnement de la salle d&rsquo;eau et des WC \u00e9tait contre toute loi thermodynamique ce qu&rsquo;engendrait des d\u00e9g\u00e2ts des eaux \u00e0 r\u00e9p\u00e9tition et donc nous avons repens\u00e9 totalement la distribution d&rsquo;espace afin de rapprocher les \u00e9l\u00e9ments humides vers les colonnesRead More\" \/>\n<meta property=\"og:url\" content=\"https:\/\/dustudio-interiors.com\/index.php\/plans-plan-architecte-etude-partielle\/pigalle_project\/\" \/>\n<meta property=\"article:publisher\" content=\"https:\/\/www.facebook.com\/dustudio\/?locale=fr_FR\" \/>\n<meta property=\"article:modified_time\" content=\"2019-11-17T16:48:48+00:00\" \/>\n<meta property=\"og:image\" content=\"https:\/\/dustudio-interiors.com\/wp-content\/uploads\/2019\/06\/avan.png\" \/>\n<meta name=\"twitter:card\" content=\"summary_large_image\" \/>\n<script type=\"application\/ld+json\" class=\"yoast-schema-graph\">{\"@context\":\"https:\\\/\\\/schema.org\",\"@graph\":[{\"@type\":\"WebPage\",\"@id\":\"https:\\\/\\\/dustudio-interiors.com\\\/index.php\\\/plans-plan-architecte-etude-partielle\\\/pigalle_project\\\/\",\"url\":\"https:\\\/\\\/dustudio-interiors.com\\\/index.php\\\/plans-plan-architecte-etude-partielle\\\/pigalle_project\\\/\",\"name\":\"PIGALLE_project :\",\"isPartOf\":{\"@id\":\"https:\\\/\\\/dustudio-interiors.com\\\/#website\"},\"primaryImageOfPage\":{\"@id\":\"https:\\\/\\\/dustudio-interiors.com\\\/index.php\\\/plans-plan-architecte-etude-partielle\\\/pigalle_project\\\/#primaryimage\"},\"image\":{\"@id\":\"https:\\\/\\\/dustudio-interiors.com\\\/index.php\\\/plans-plan-architecte-etude-partielle\\\/pigalle_project\\\/#primaryimage\"},\"thumbnailUrl\":\"https:\\\/\\\/dustudio-interiors.com\\\/wp-content\\\/uploads\\\/2019\\\/06\\\/avan.png\",\"datePublished\":\"2019-06-02T16:53:27+00:00\",\"dateModified\":\"2019-11-17T16:48:48+00:00\",\"breadcrumb\":{\"@id\":\"https:\\\/\\\/dustudio-interiors.com\\\/index.php\\\/plans-plan-architecte-etude-partielle\\\/pigalle_project\\\/#breadcrumb\"},\"inLanguage\":\"fr-FR\",\"potentialAction\":[{\"@type\":\"ReadAction\",\"target\":[\"https:\\\/\\\/dustudio-interiors.com\\\/index.php\\\/plans-plan-architecte-etude-partielle\\\/pigalle_project\\\/\"]}]},{\"@type\":\"ImageObject\",\"inLanguage\":\"fr-FR\",\"@id\":\"https:\\\/\\\/dustudio-interiors.com\\\/index.php\\\/plans-plan-architecte-etude-partielle\\\/pigalle_project\\\/#primaryimage\",\"url\":\"https:\\\/\\\/dustudio-interiors.com\\\/wp-content\\\/uploads\\\/2019\\\/06\\\/avan.png\",\"contentUrl\":\"https:\\\/\\\/dustudio-interiors.com\\\/wp-content\\\/uploads\\\/2019\\\/06\\\/avan.png\",\"width\":722,\"height\":671},{\"@type\":\"BreadcrumbList\",\"@id\":\"https:\\\/\\\/dustudio-interiors.com\\\/index.php\\\/plans-plan-architecte-etude-partielle\\\/pigalle_project\\\/#breadcrumb\",\"itemListElement\":[{\"@type\":\"ListItem\",\"position\":1,\"name\":\"Accueil\",\"item\":\"https:\\\/\\\/dustudio-interiors.com\\\/\"},{\"@type\":\"ListItem\",\"position\":2,\"name\":\"PLANS \\\/ ETUDE PARTIELLE\",\"item\":\"https:\\\/\\\/dustudio-interiors.com\\\/index.php\\\/plans-plan-architecte-etude-partielle\\\/\"},{\"@type\":\"ListItem\",\"position\":3,\"name\":\"PIGALLE_project\"}]},{\"@type\":\"WebSite\",\"@id\":\"https:\\\/\\\/dustudio-interiors.com\\\/#website\",\"url\":\"https:\\\/\\\/dustudio-interiors.com\\\/\",\"name\":\"https:\\\/\\\/dustudio-interiors.com\",\"description\":\"Cr\u00e9ons ensemble des int\u00e9rieurs uniques, entre \u00e9l\u00e9gance et fonctionnalit\u00e9.\",\"publisher\":{\"@id\":\"https:\\\/\\\/dustudio-interiors.com\\\/#organization\"},\"potentialAction\":[{\"@type\":\"SearchAction\",\"target\":{\"@type\":\"EntryPoint\",\"urlTemplate\":\"https:\\\/\\\/dustudio-interiors.com\\\/?s={search_term_string}\"},\"query-input\":{\"@type\":\"PropertyValueSpecification\",\"valueRequired\":true,\"valueName\":\"search_term_string\"}}],\"inLanguage\":\"fr-FR\"},{\"@type\":\"Organization\",\"@id\":\"https:\\\/\\\/dustudio-interiors.com\\\/#organization\",\"name\":\"DUstudiO Interiors\",\"url\":\"https:\\\/\\\/dustudio-interiors.com\\\/\",\"logo\":{\"@type\":\"ImageObject\",\"inLanguage\":\"fr-FR\",\"@id\":\"https:\\\/\\\/dustudio-interiors.com\\\/#\\\/schema\\\/logo\\\/image\\\/\",\"url\":\"https:\\\/\\\/dustudio-interiors.com\\\/wp-content\\\/uploads\\\/2017\\\/10\\\/logo-dustudio-social.png\",\"contentUrl\":\"https:\\\/\\\/dustudio-interiors.com\\\/wp-content\\\/uploads\\\/2017\\\/10\\\/logo-dustudio-social.png\",\"width\":170,\"height\":170,\"caption\":\"DUstudiO Interiors\"},\"image\":{\"@id\":\"https:\\\/\\\/dustudio-interiors.com\\\/#\\\/schema\\\/logo\\\/image\\\/\"},\"sameAs\":[\"https:\\\/\\\/www.facebook.com\\\/dustudio\\\/?locale=fr_FR\",\"https:\\\/\\\/www.instagram.com\\\/dustudio_interiors\\\/\",\"https:\\\/\\\/www.youtube.com\\\/channel\\\/UC3ub4LaoSfoFXAari2N1Bqg\"]}]}<\/script>\n<!-- \/ Yoast SEO plugin. -->","yoast_head_json":{"title":"PIGALLE_project :","robots":{"index":"index","follow":"follow","max-snippet":"max-snippet:-1","max-image-preview":"max-image-preview:large","max-video-preview":"max-video-preview:-1"},"canonical":"https:\/\/dustudio-interiors.com\/index.php\/plans-plan-architecte-etude-partielle\/pigalle_project\/","og_locale":"fr_FR","og_type":"article","og_title":"PIGALLE_project :","og_description":"Projet de re-am\u00e9nagement du studio de 14m\u00b2 Gros travail technique d\u2019am\u00e9lioration des conditions de vie, fonctionnalit\u00e9 et ergonomie de cette petite surface.&nbsp;Lors de la premi\u00e8re visite nous avons constat\u00e9 que le positionnement de la salle d&rsquo;eau et des WC \u00e9tait contre toute loi thermodynamique ce qu&rsquo;engendrait des d\u00e9g\u00e2ts des eaux \u00e0 r\u00e9p\u00e9tition et donc nous avons repens\u00e9 totalement la distribution d&rsquo;espace afin de rapprocher les \u00e9l\u00e9ments humides vers les colonnesRead More","og_url":"https:\/\/dustudio-interiors.com\/index.php\/plans-plan-architecte-etude-partielle\/pigalle_project\/","article_publisher":"https:\/\/www.facebook.com\/dustudio\/?locale=fr_FR","article_modified_time":"2019-11-17T16:48:48+00:00","og_image":[{"url":"https:\/\/dustudio-interiors.com\/wp-content\/uploads\/2019\/06\/avan.png","type":"","width":"","height":""}],"twitter_card":"summary_large_image","schema":{"@context":"https:\/\/schema.org","@graph":[{"@type":"WebPage","@id":"https:\/\/dustudio-interiors.com\/index.php\/plans-plan-architecte-etude-partielle\/pigalle_project\/","url":"https:\/\/dustudio-interiors.com\/index.php\/plans-plan-architecte-etude-partielle\/pigalle_project\/","name":"PIGALLE_project :","isPartOf":{"@id":"https:\/\/dustudio-interiors.com\/#website"},"primaryImageOfPage":{"@id":"https:\/\/dustudio-interiors.com\/index.php\/plans-plan-architecte-etude-partielle\/pigalle_project\/#primaryimage"},"image":{"@id":"https:\/\/dustudio-interiors.com\/index.php\/plans-plan-architecte-etude-partielle\/pigalle_project\/#primaryimage"},"thumbnailUrl":"https:\/\/dustudio-interiors.com\/wp-content\/uploads\/2019\/06\/avan.png","datePublished":"2019-06-02T16:53:27+00:00","dateModified":"2019-11-17T16:48:48+00:00","breadcrumb":{"@id":"https:\/\/dustudio-interiors.com\/index.php\/plans-plan-architecte-etude-partielle\/pigalle_project\/#breadcrumb"},"inLanguage":"fr-FR","potentialAction":[{"@type":"ReadAction","target":["https:\/\/dustudio-interiors.com\/index.php\/plans-plan-architecte-etude-partielle\/pigalle_project\/"]}]},{"@type":"ImageObject","inLanguage":"fr-FR","@id":"https:\/\/dustudio-interiors.com\/index.php\/plans-plan-architecte-etude-partielle\/pigalle_project\/#primaryimage","url":"https:\/\/dustudio-interiors.com\/wp-content\/uploads\/2019\/06\/avan.png","contentUrl":"https:\/\/dustudio-interiors.com\/wp-content\/uploads\/2019\/06\/avan.png","width":722,"height":671},{"@type":"BreadcrumbList","@id":"https:\/\/dustudio-interiors.com\/index.php\/plans-plan-architecte-etude-partielle\/pigalle_project\/#breadcrumb","itemListElement":[{"@type":"ListItem","position":1,"name":"Accueil","item":"https:\/\/dustudio-interiors.com\/"},{"@type":"ListItem","position":2,"name":"PLANS \/ ETUDE PARTIELLE","item":"https:\/\/dustudio-interiors.com\/index.php\/plans-plan-architecte-etude-partielle\/"},{"@type":"ListItem","position":3,"name":"PIGALLE_project"}]},{"@type":"WebSite","@id":"https:\/\/dustudio-interiors.com\/#website","url":"https:\/\/dustudio-interiors.com\/","name":"https:\/\/dustudio-interiors.com","description":"Cr\u00e9ons ensemble des int\u00e9rieurs uniques, entre \u00e9l\u00e9gance et fonctionnalit\u00e9.","publisher":{"@id":"https:\/\/dustudio-interiors.com\/#organization"},"potentialAction":[{"@type":"SearchAction","target":{"@type":"EntryPoint","urlTemplate":"https:\/\/dustudio-interiors.com\/?s={search_term_string}"},"query-input":{"@type":"PropertyValueSpecification","valueRequired":true,"valueName":"search_term_string"}}],"inLanguage":"fr-FR"},{"@type":"Organization","@id":"https:\/\/dustudio-interiors.com\/#organization","name":"DUstudiO Interiors","url":"https:\/\/dustudio-interiors.com\/","logo":{"@type":"ImageObject","inLanguage":"fr-FR","@id":"https:\/\/dustudio-interiors.com\/#\/schema\/logo\/image\/","url":"https:\/\/dustudio-interiors.com\/wp-content\/uploads\/2017\/10\/logo-dustudio-social.png","contentUrl":"https:\/\/dustudio-interiors.com\/wp-content\/uploads\/2017\/10\/logo-dustudio-social.png","width":170,"height":170,"caption":"DUstudiO Interiors"},"image":{"@id":"https:\/\/dustudio-interiors.com\/#\/schema\/logo\/image\/"},"sameAs":["https:\/\/www.facebook.com\/dustudio\/?locale=fr_FR","https:\/\/www.instagram.com\/dustudio_interiors\/","https:\/\/www.youtube.com\/channel\/UC3ub4LaoSfoFXAari2N1Bqg"]}]}},"_links":{"self":[{"href":"https:\/\/dustudio-interiors.com\/index.php\/wp-json\/wp\/v2\/pages\/235","targetHints":{"allow":["GET"]}}],"collection":[{"href":"https:\/\/dustudio-interiors.com\/index.php\/wp-json\/wp\/v2\/pages"}],"about":[{"href":"https:\/\/dustudio-interiors.com\/index.php\/wp-json\/wp\/v2\/types\/page"}],"author":[{"embeddable":true,"href":"https:\/\/dustudio-interiors.com\/index.php\/wp-json\/wp\/v2\/users\/1"}],"replies":[{"embeddable":true,"href":"https:\/\/dustudio-interiors.com\/index.php\/wp-json\/wp\/v2\/comments?post=235"}],"version-history":[{"count":10,"href":"https:\/\/dustudio-interiors.com\/index.php\/wp-json\/wp\/v2\/pages\/235\/revisions"}],"predecessor-version":[{"id":638,"href":"https:\/\/dustudio-interiors.com\/index.php\/wp-json\/wp\/v2\/pages\/235\/revisions\/638"}],"up":[{"embeddable":true,"href":"https:\/\/dustudio-interiors.com\/index.php\/wp-json\/wp\/v2\/pages\/79"}],"wp:attachment":[{"href":"https:\/\/dustudio-interiors.com\/index.php\/wp-json\/wp\/v2\/media?parent=235"}],"curies":[{"name":"wp","href":"https:\/\/api.w.org\/{rel}","templated":true}]}}