{"id":250,"date":"2019-06-02T19:07:09","date_gmt":"2019-06-02T17:07:09","guid":{"rendered":"https:\/\/dustudio-interiors.com\/?page_id=250"},"modified":"2021-09-07T15:17:24","modified_gmt":"2021-09-07T13:17:24","slug":"stde_project","status":"publish","type":"page","link":"https:\/\/dustudio-interiors.com\/index.php\/plans-plan-architecte-etude-partielle\/stde_project\/","title":{"rendered":"STDE_project"},"content":{"rendered":"\n<h4 class=\"has-text-align-center wp-block-heading\"> <\/h4>\n\n\n\n<p class=\"has-text-align-center has-very-light-gray-color has-very-dark-gray-background-color has-text-color has-background has-medium-font-size\"><strong>Projet de re-am\u00e9nagement d\u2019un appartement de 63 m\u00b2  <\/strong><\/p>\n\n\n\n<div class=\"wp-block-image\"><figure class=\"aligncenter size-large is-resized\"><img loading=\"lazy\" decoding=\"async\" src=\"https:\/\/dustudio-interiors.com\/wp-content\/uploads\/2021\/09\/Plan-existent.png\" alt=\"\" class=\"wp-image-1343\" width=\"750\" height=\"428\"\/><figcaption>PLAN EXISTENT<\/figcaption><\/figure><\/div>\n\n\n\n<p class=\"has-text-align-center\"><strong>Cahier de charges:<\/strong><\/p>\n\n\n\n<p class=\"has-text-align-center\">Appartement&nbsp;VEFA 63 m\u00b2<br>=&gt; 1 sur 2 chambres devrait servir de bureau de travail mais aussi de chambre d&rsquo;appoint pour les enfants<\/p>\n\n\n\n<p class=\"has-text-align-center\">=&gt; Valorisation d&rsquo;espace \/beaucoup d&rsquo;espace de rangement demand\u00e9  <\/p>\n\n\n\n<p class=\"has-text-align-center\">=&gt; Salle de bain &#8211; une grande douche dite&nbsp;douche a l&rsquo;italien&nbsp;souhait\u00e9e <\/p>\n\n\n\n<div class=\"wp-block-image\"><figure class=\"aligncenter size-large\"><img loading=\"lazy\" decoding=\"async\" width=\"872\" height=\"634\" src=\"https:\/\/dustudio-interiors.com\/wp-content\/uploads\/2021\/09\/Option-A.png\" alt=\"\" class=\"wp-image-1342\" srcset=\"https:\/\/dustudio-interiors.com\/wp-content\/uploads\/2021\/09\/Option-A.png 872w, https:\/\/dustudio-interiors.com\/wp-content\/uploads\/2021\/09\/Option-A-300x218.png 300w, https:\/\/dustudio-interiors.com\/wp-content\/uploads\/2021\/09\/Option-A-768x558.png 768w\" sizes=\"auto, (max-width: 872px) 100vw, 872px\" \/><figcaption>Option A<\/figcaption><\/figure><\/div>\n\n\n\n<div class=\"wp-block-image\"><figure class=\"aligncenter size-large is-resized\"><img decoding=\"async\" src=\"https:\/\/dustudio-interiors.com\/wp-content\/uploads\/2021\/09\/APD-OP-b.png\" alt=\"\" class=\"wp-image-1340\" width=\"750\" srcset=\"https:\/\/dustudio-interiors.com\/wp-content\/uploads\/2021\/09\/APD-OP-b.png 899w, https:\/\/dustudio-interiors.com\/wp-content\/uploads\/2021\/09\/APD-OP-b-300x233.png 300w, https:\/\/dustudio-interiors.com\/wp-content\/uploads\/2021\/09\/APD-OP-b-768x596.png 768w\" sizes=\"(max-width: 899px) 100vw, 899px\" \/><figcaption>Option B<\/figcaption><\/figure><\/div>\n\n\n\n<div class=\"wp-block-image\"><figure class=\"aligncenter size-large\"><img loading=\"lazy\" decoding=\"async\" width=\"823\" height=\"640\" src=\"https:\/\/dustudio-interiors.com\/wp-content\/uploads\/2021\/09\/APD-OP-B-bis.png\" alt=\"\" class=\"wp-image-1339\" srcset=\"https:\/\/dustudio-interiors.com\/wp-content\/uploads\/2021\/09\/APD-OP-B-bis.png 823w, https:\/\/dustudio-interiors.com\/wp-content\/uploads\/2021\/09\/APD-OP-B-bis-300x233.png 300w, https:\/\/dustudio-interiors.com\/wp-content\/uploads\/2021\/09\/APD-OP-B-bis-768x597.png 768w\" sizes=\"auto, (max-width: 823px) 100vw, 823px\" \/><figcaption>Option C<\/figcaption><\/figure><\/div>\n\n\n\n<div class=\"wp-block-image\"><figure class=\"aligncenter size-large is-resized\"><img loading=\"lazy\" decoding=\"async\" src=\"https:\/\/dustudio-interiors.com\/wp-content\/uploads\/2021\/09\/PLAN-PROJET2-FINAL-1024x772.jpg\" alt=\"\" class=\"wp-image-1344\" width=\"800\" height=\"579\"\/><figcaption>Option Finale<\/figcaption><\/figure><\/div>\n","protected":false},"excerpt":{"rendered":"<p>Projet de re-am\u00e9nagement d\u2019un appartement de 63 m\u00b2 Cahier de charges: Appartement&nbsp;VEFA 63 m\u00b2=&gt; 1 sur 2 chambres devrait servir de bureau de travail mais aussi de chambre d&rsquo;appoint pour les enfants =&gt; Valorisation d&rsquo;espace \/beaucoup d&rsquo;espace de rangement demand\u00e9 =&gt; Salle de bain &#8211; une grande douche dite&nbsp;douche a l&rsquo;italien&nbsp;souhait\u00e9e<\/p>\n","protected":false},"author":1,"featured_media":0,"parent":79,"menu_order":0,"comment_status":"closed","ping_status":"closed","template":"","meta":{"om_disable_all_campaigns":false,"_monsterinsights_skip_tracking":false,"_monsterinsights_sitenote_active":false,"_monsterinsights_sitenote_note":"","_monsterinsights_sitenote_category":0,"footnotes":""},"class_list":["post-250","page","type-page","status-publish","hentry"],"yoast_head":"<!-- This site is optimized with the Yoast SEO plugin v27.5 - https:\/\/yoast.com\/product\/yoast-seo-wordpress\/ -->\n<title>STDE_project :<\/title>\n<meta name=\"robots\" content=\"index, follow, max-snippet:-1, max-image-preview:large, max-video-preview:-1\" \/>\n<link rel=\"canonical\" href=\"https:\/\/dustudio-interiors.com\/index.php\/plans-plan-architecte-etude-partielle\/stde_project\/\" \/>\n<meta property=\"og:locale\" content=\"fr_FR\" \/>\n<meta property=\"og:type\" content=\"article\" \/>\n<meta property=\"og:title\" content=\"STDE_project :\" \/>\n<meta property=\"og:description\" content=\"Projet de re-am\u00e9nagement d\u2019un appartement de 63 m\u00b2 Cahier de charges: Appartement&nbsp;VEFA 63 m\u00b2=&gt; 1 sur 2 chambres devrait servir de bureau de travail mais aussi de chambre d&rsquo;appoint pour les enfants =&gt; Valorisation d&rsquo;espace \/beaucoup d&rsquo;espace de rangement demand\u00e9 =&gt; Salle de bain &#8211; une grande douche dite&nbsp;douche a l&rsquo;italien&nbsp;souhait\u00e9e\" \/>\n<meta property=\"og:url\" content=\"https:\/\/dustudio-interiors.com\/index.php\/plans-plan-architecte-etude-partielle\/stde_project\/\" \/>\n<meta property=\"article:publisher\" content=\"https:\/\/www.facebook.com\/dustudio\/?locale=fr_FR\" \/>\n<meta property=\"article:modified_time\" content=\"2021-09-07T13:17:24+00:00\" \/>\n<meta property=\"og:image\" content=\"https:\/\/dustudio-interiors.com\/wp-content\/uploads\/2021\/09\/Plan-existent.png\" \/>\n<meta name=\"twitter:card\" content=\"summary_large_image\" \/>\n<script type=\"application\/ld+json\" class=\"yoast-schema-graph\">{\"@context\":\"https:\\\/\\\/schema.org\",\"@graph\":[{\"@type\":\"WebPage\",\"@id\":\"https:\\\/\\\/dustudio-interiors.com\\\/index.php\\\/plans-plan-architecte-etude-partielle\\\/stde_project\\\/\",\"url\":\"https:\\\/\\\/dustudio-interiors.com\\\/index.php\\\/plans-plan-architecte-etude-partielle\\\/stde_project\\\/\",\"name\":\"STDE_project :\",\"isPartOf\":{\"@id\":\"https:\\\/\\\/dustudio-interiors.com\\\/#website\"},\"primaryImageOfPage\":{\"@id\":\"https:\\\/\\\/dustudio-interiors.com\\\/index.php\\\/plans-plan-architecte-etude-partielle\\\/stde_project\\\/#primaryimage\"},\"image\":{\"@id\":\"https:\\\/\\\/dustudio-interiors.com\\\/index.php\\\/plans-plan-architecte-etude-partielle\\\/stde_project\\\/#primaryimage\"},\"thumbnailUrl\":\"https:\\\/\\\/dustudio-interiors.com\\\/wp-content\\\/uploads\\\/2021\\\/09\\\/Plan-existent.png\",\"datePublished\":\"2019-06-02T17:07:09+00:00\",\"dateModified\":\"2021-09-07T13:17:24+00:00\",\"breadcrumb\":{\"@id\":\"https:\\\/\\\/dustudio-interiors.com\\\/index.php\\\/plans-plan-architecte-etude-partielle\\\/stde_project\\\/#breadcrumb\"},\"inLanguage\":\"fr-FR\",\"potentialAction\":[{\"@type\":\"ReadAction\",\"target\":[\"https:\\\/\\\/dustudio-interiors.com\\\/index.php\\\/plans-plan-architecte-etude-partielle\\\/stde_project\\\/\"]}]},{\"@type\":\"ImageObject\",\"inLanguage\":\"fr-FR\",\"@id\":\"https:\\\/\\\/dustudio-interiors.com\\\/index.php\\\/plans-plan-architecte-etude-partielle\\\/stde_project\\\/#primaryimage\",\"url\":\"https:\\\/\\\/dustudio-interiors.com\\\/wp-content\\\/uploads\\\/2021\\\/09\\\/Plan-existent.png\",\"contentUrl\":\"https:\\\/\\\/dustudio-interiors.com\\\/wp-content\\\/uploads\\\/2021\\\/09\\\/Plan-existent.png\",\"width\":718,\"height\":570},{\"@type\":\"BreadcrumbList\",\"@id\":\"https:\\\/\\\/dustudio-interiors.com\\\/index.php\\\/plans-plan-architecte-etude-partielle\\\/stde_project\\\/#breadcrumb\",\"itemListElement\":[{\"@type\":\"ListItem\",\"position\":1,\"name\":\"Accueil\",\"item\":\"https:\\\/\\\/dustudio-interiors.com\\\/\"},{\"@type\":\"ListItem\",\"position\":2,\"name\":\"PLANS \\\/ ETUDE PARTIELLE\",\"item\":\"https:\\\/\\\/dustudio-interiors.com\\\/index.php\\\/plans-plan-architecte-etude-partielle\\\/\"},{\"@type\":\"ListItem\",\"position\":3,\"name\":\"STDE_project\"}]},{\"@type\":\"WebSite\",\"@id\":\"https:\\\/\\\/dustudio-interiors.com\\\/#website\",\"url\":\"https:\\\/\\\/dustudio-interiors.com\\\/\",\"name\":\"https:\\\/\\\/dustudio-interiors.com\",\"description\":\"Cr\u00e9ons ensemble des int\u00e9rieurs uniques, entre \u00e9l\u00e9gance et fonctionnalit\u00e9.\",\"publisher\":{\"@id\":\"https:\\\/\\\/dustudio-interiors.com\\\/#organization\"},\"potentialAction\":[{\"@type\":\"SearchAction\",\"target\":{\"@type\":\"EntryPoint\",\"urlTemplate\":\"https:\\\/\\\/dustudio-interiors.com\\\/?s={search_term_string}\"},\"query-input\":{\"@type\":\"PropertyValueSpecification\",\"valueRequired\":true,\"valueName\":\"search_term_string\"}}],\"inLanguage\":\"fr-FR\"},{\"@type\":\"Organization\",\"@id\":\"https:\\\/\\\/dustudio-interiors.com\\\/#organization\",\"name\":\"DUstudiO Interiors\",\"url\":\"https:\\\/\\\/dustudio-interiors.com\\\/\",\"logo\":{\"@type\":\"ImageObject\",\"inLanguage\":\"fr-FR\",\"@id\":\"https:\\\/\\\/dustudio-interiors.com\\\/#\\\/schema\\\/logo\\\/image\\\/\",\"url\":\"https:\\\/\\\/dustudio-interiors.com\\\/wp-content\\\/uploads\\\/2017\\\/10\\\/logo-dustudio-social.png\",\"contentUrl\":\"https:\\\/\\\/dustudio-interiors.com\\\/wp-content\\\/uploads\\\/2017\\\/10\\\/logo-dustudio-social.png\",\"width\":170,\"height\":170,\"caption\":\"DUstudiO Interiors\"},\"image\":{\"@id\":\"https:\\\/\\\/dustudio-interiors.com\\\/#\\\/schema\\\/logo\\\/image\\\/\"},\"sameAs\":[\"https:\\\/\\\/www.facebook.com\\\/dustudio\\\/?locale=fr_FR\",\"https:\\\/\\\/www.instagram.com\\\/dustudio_interiors\\\/\",\"https:\\\/\\\/www.youtube.com\\\/channel\\\/UC3ub4LaoSfoFXAari2N1Bqg\"]}]}<\/script>\n<!-- \/ Yoast SEO plugin. -->","yoast_head_json":{"title":"STDE_project :","robots":{"index":"index","follow":"follow","max-snippet":"max-snippet:-1","max-image-preview":"max-image-preview:large","max-video-preview":"max-video-preview:-1"},"canonical":"https:\/\/dustudio-interiors.com\/index.php\/plans-plan-architecte-etude-partielle\/stde_project\/","og_locale":"fr_FR","og_type":"article","og_title":"STDE_project :","og_description":"Projet de re-am\u00e9nagement d\u2019un appartement de 63 m\u00b2 Cahier de charges: Appartement&nbsp;VEFA 63 m\u00b2=&gt; 1 sur 2 chambres devrait servir de bureau de travail mais aussi de chambre d&rsquo;appoint pour les enfants =&gt; Valorisation d&rsquo;espace \/beaucoup d&rsquo;espace de rangement demand\u00e9 =&gt; Salle de bain &#8211; une grande douche dite&nbsp;douche a l&rsquo;italien&nbsp;souhait\u00e9e","og_url":"https:\/\/dustudio-interiors.com\/index.php\/plans-plan-architecte-etude-partielle\/stde_project\/","article_publisher":"https:\/\/www.facebook.com\/dustudio\/?locale=fr_FR","article_modified_time":"2021-09-07T13:17:24+00:00","og_image":[{"url":"https:\/\/dustudio-interiors.com\/wp-content\/uploads\/2021\/09\/Plan-existent.png","type":"","width":"","height":""}],"twitter_card":"summary_large_image","schema":{"@context":"https:\/\/schema.org","@graph":[{"@type":"WebPage","@id":"https:\/\/dustudio-interiors.com\/index.php\/plans-plan-architecte-etude-partielle\/stde_project\/","url":"https:\/\/dustudio-interiors.com\/index.php\/plans-plan-architecte-etude-partielle\/stde_project\/","name":"STDE_project :","isPartOf":{"@id":"https:\/\/dustudio-interiors.com\/#website"},"primaryImageOfPage":{"@id":"https:\/\/dustudio-interiors.com\/index.php\/plans-plan-architecte-etude-partielle\/stde_project\/#primaryimage"},"image":{"@id":"https:\/\/dustudio-interiors.com\/index.php\/plans-plan-architecte-etude-partielle\/stde_project\/#primaryimage"},"thumbnailUrl":"https:\/\/dustudio-interiors.com\/wp-content\/uploads\/2021\/09\/Plan-existent.png","datePublished":"2019-06-02T17:07:09+00:00","dateModified":"2021-09-07T13:17:24+00:00","breadcrumb":{"@id":"https:\/\/dustudio-interiors.com\/index.php\/plans-plan-architecte-etude-partielle\/stde_project\/#breadcrumb"},"inLanguage":"fr-FR","potentialAction":[{"@type":"ReadAction","target":["https:\/\/dustudio-interiors.com\/index.php\/plans-plan-architecte-etude-partielle\/stde_project\/"]}]},{"@type":"ImageObject","inLanguage":"fr-FR","@id":"https:\/\/dustudio-interiors.com\/index.php\/plans-plan-architecte-etude-partielle\/stde_project\/#primaryimage","url":"https:\/\/dustudio-interiors.com\/wp-content\/uploads\/2021\/09\/Plan-existent.png","contentUrl":"https:\/\/dustudio-interiors.com\/wp-content\/uploads\/2021\/09\/Plan-existent.png","width":718,"height":570},{"@type":"BreadcrumbList","@id":"https:\/\/dustudio-interiors.com\/index.php\/plans-plan-architecte-etude-partielle\/stde_project\/#breadcrumb","itemListElement":[{"@type":"ListItem","position":1,"name":"Accueil","item":"https:\/\/dustudio-interiors.com\/"},{"@type":"ListItem","position":2,"name":"PLANS \/ ETUDE PARTIELLE","item":"https:\/\/dustudio-interiors.com\/index.php\/plans-plan-architecte-etude-partielle\/"},{"@type":"ListItem","position":3,"name":"STDE_project"}]},{"@type":"WebSite","@id":"https:\/\/dustudio-interiors.com\/#website","url":"https:\/\/dustudio-interiors.com\/","name":"https:\/\/dustudio-interiors.com","description":"Cr\u00e9ons ensemble des int\u00e9rieurs uniques, entre \u00e9l\u00e9gance et fonctionnalit\u00e9.","publisher":{"@id":"https:\/\/dustudio-interiors.com\/#organization"},"potentialAction":[{"@type":"SearchAction","target":{"@type":"EntryPoint","urlTemplate":"https:\/\/dustudio-interiors.com\/?s={search_term_string}"},"query-input":{"@type":"PropertyValueSpecification","valueRequired":true,"valueName":"search_term_string"}}],"inLanguage":"fr-FR"},{"@type":"Organization","@id":"https:\/\/dustudio-interiors.com\/#organization","name":"DUstudiO Interiors","url":"https:\/\/dustudio-interiors.com\/","logo":{"@type":"ImageObject","inLanguage":"fr-FR","@id":"https:\/\/dustudio-interiors.com\/#\/schema\/logo\/image\/","url":"https:\/\/dustudio-interiors.com\/wp-content\/uploads\/2017\/10\/logo-dustudio-social.png","contentUrl":"https:\/\/dustudio-interiors.com\/wp-content\/uploads\/2017\/10\/logo-dustudio-social.png","width":170,"height":170,"caption":"DUstudiO Interiors"},"image":{"@id":"https:\/\/dustudio-interiors.com\/#\/schema\/logo\/image\/"},"sameAs":["https:\/\/www.facebook.com\/dustudio\/?locale=fr_FR","https:\/\/www.instagram.com\/dustudio_interiors\/","https:\/\/www.youtube.com\/channel\/UC3ub4LaoSfoFXAari2N1Bqg"]}]}},"_links":{"self":[{"href":"https:\/\/dustudio-interiors.com\/index.php\/wp-json\/wp\/v2\/pages\/250","targetHints":{"allow":["GET"]}}],"collection":[{"href":"https:\/\/dustudio-interiors.com\/index.php\/wp-json\/wp\/v2\/pages"}],"about":[{"href":"https:\/\/dustudio-interiors.com\/index.php\/wp-json\/wp\/v2\/types\/page"}],"author":[{"embeddable":true,"href":"https:\/\/dustudio-interiors.com\/index.php\/wp-json\/wp\/v2\/users\/1"}],"replies":[{"embeddable":true,"href":"https:\/\/dustudio-interiors.com\/index.php\/wp-json\/wp\/v2\/comments?post=250"}],"version-history":[{"count":20,"href":"https:\/\/dustudio-interiors.com\/index.php\/wp-json\/wp\/v2\/pages\/250\/revisions"}],"predecessor-version":[{"id":1362,"href":"https:\/\/dustudio-interiors.com\/index.php\/wp-json\/wp\/v2\/pages\/250\/revisions\/1362"}],"up":[{"embeddable":true,"href":"https:\/\/dustudio-interiors.com\/index.php\/wp-json\/wp\/v2\/pages\/79"}],"wp:attachment":[{"href":"https:\/\/dustudio-interiors.com\/index.php\/wp-json\/wp\/v2\/media?parent=250"}],"curies":[{"name":"wp","href":"https:\/\/api.w.org\/{rel}","templated":true}]}}