{"id":326,"date":"2019-06-13T19:55:26","date_gmt":"2019-06-13T17:55:26","guid":{"rendered":"https:\/\/dustudio-interiors.com\/?page_id=326"},"modified":"2020-02-15T18:34:03","modified_gmt":"2020-02-15T17:34:03","slug":"orlean_project","status":"publish","type":"page","link":"https:\/\/dustudio-interiors.com\/index.php\/plans-plan-architecte-etude-partielle\/orlean_project\/","title":{"rendered":"ORLEAN_project"},"content":{"rendered":"\n<p style=\"text-align:center\" class=\"has-text-color has-background has-medium-font-size has-very-light-gray-color has-very-dark-gray-background-color\"><strong>Projet de re-am\u00e9nagement d\u2019un appartement de 32 m\u00b2  <\/strong><\/p>\n\n\n\n<figure class=\"wp-block-image\"><img loading=\"lazy\" decoding=\"async\" width=\"713\" height=\"743\" src=\"https:\/\/dustudio-interiors.com\/wp-content\/uploads\/2019\/06\/EXIST.png\" alt=\"\" class=\"wp-image-327\" srcset=\"https:\/\/dustudio-interiors.com\/wp-content\/uploads\/2019\/06\/EXIST.png 713w, https:\/\/dustudio-interiors.com\/wp-content\/uploads\/2019\/06\/EXIST-288x300.png 288w\" sizes=\"auto, (max-width: 713px) 100vw, 713px\" \/><figcaption>PLAN EXISTENT<\/figcaption><\/figure>\n\n\n\n<p style=\"text-align:center\"><strong>Cahier de charges:<\/strong><\/p>\n\n\n\n<p style=\"text-align:center\"> Pied-\u00e0-terre&nbsp;a Paris que sert a son propri\u00e9taire comme point de chute entre les nombreux d\u00e9placements et sa maison familiale en province.&nbsp;<br>Cet appartement de 32 m\u00b2 doit remplir toute les fonctions de vie confortable, avec une attention particuli\u00e8re au lieu de couchage isol\u00e9 et digne de ce nom.  Aussi il faut imaginer un 2eme lieu de couchage d&rsquo;appoint, ou m\u00eame un 2eme coin isol\u00e9 pour une cohabitation de 2 membres de la famille pendant qqs mois. <\/p>\n\n\n\n<p style=\"text-align:center\">Un autre point important &#8211; s\u00e9paration des WC de la SDB<\/p>\n\n\n\n<p style=\"text-align:center\">Les volumes \u00e9tant assez confortables nous avions a composer avec&nbsp; les contraintes techniques de localisation des tuyaux de d\u00e9charge d&rsquo;eau .&nbsp;<\/p>\n\n\n\n<figure class=\"wp-block-image\"><img loading=\"lazy\" decoding=\"async\" width=\"692\" height=\"717\" src=\"https:\/\/dustudio-interiors.com\/wp-content\/uploads\/2019\/06\/A.png\" alt=\"\" class=\"wp-image-328\" srcset=\"https:\/\/dustudio-interiors.com\/wp-content\/uploads\/2019\/06\/A.png 692w, https:\/\/dustudio-interiors.com\/wp-content\/uploads\/2019\/06\/A-290x300.png 290w\" sizes=\"auto, (max-width: 692px) 100vw, 692px\" \/><figcaption>Option A<\/figcaption><\/figure>\n\n\n\n<figure class=\"wp-block-image\"><img loading=\"lazy\" decoding=\"async\" width=\"683\" height=\"719\" src=\"https:\/\/dustudio-interiors.com\/wp-content\/uploads\/2019\/06\/B.png\" alt=\"\" class=\"wp-image-329\" srcset=\"https:\/\/dustudio-interiors.com\/wp-content\/uploads\/2019\/06\/B.png 683w, https:\/\/dustudio-interiors.com\/wp-content\/uploads\/2019\/06\/B-285x300.png 285w\" sizes=\"auto, (max-width: 683px) 100vw, 683px\" \/><figcaption>Option B<\/figcaption><\/figure>\n\n\n\n<figure class=\"wp-block-image\"><img loading=\"lazy\" decoding=\"async\" width=\"667\" height=\"705\" src=\"https:\/\/dustudio-interiors.com\/wp-content\/uploads\/2019\/06\/C.png\" alt=\"\" class=\"wp-image-330\" srcset=\"https:\/\/dustudio-interiors.com\/wp-content\/uploads\/2019\/06\/C.png 667w, https:\/\/dustudio-interiors.com\/wp-content\/uploads\/2019\/06\/C-284x300.png 284w\" sizes=\"auto, (max-width: 667px) 100vw, 667px\" \/><figcaption>Option C<\/figcaption><\/figure>\n\n\n\n<figure class=\"wp-block-image\"><img loading=\"lazy\" decoding=\"async\" width=\"683\" height=\"714\" src=\"https:\/\/dustudio-interiors.com\/wp-content\/uploads\/2019\/06\/D.png\" alt=\"\" class=\"wp-image-331\" srcset=\"https:\/\/dustudio-interiors.com\/wp-content\/uploads\/2019\/06\/D.png 683w, https:\/\/dustudio-interiors.com\/wp-content\/uploads\/2019\/06\/D-287x300.png 287w\" sizes=\"auto, (max-width: 683px) 100vw, 683px\" \/><figcaption>Option D<\/figcaption><\/figure>\n\n\n\n<figure class=\"wp-block-image\"><img loading=\"lazy\" decoding=\"async\" width=\"765\" height=\"736\" src=\"https:\/\/dustudio-interiors.com\/wp-content\/uploads\/2019\/06\/E-1.png\" alt=\"\" class=\"wp-image-340\" srcset=\"https:\/\/dustudio-interiors.com\/wp-content\/uploads\/2019\/06\/E-1.png 765w, https:\/\/dustudio-interiors.com\/wp-content\/uploads\/2019\/06\/E-1-300x289.png 300w\" sizes=\"auto, (max-width: 765px) 100vw, 765px\" \/><figcaption>Option E<\/figcaption><\/figure>\n\n\n\n<p style=\"text-align:center\" class=\"has-text-color has-vivid-cyan-blue-color\">\n\n =&gt;&nbsp;<strong><a href=\"https:\/\/dustudio-interiors.com\/index.php\/orlean_project\/\">PHOTOS PROJET R\u00c9ALIS\u00c9<\/a><\/strong><\/p>\n","protected":false},"excerpt":{"rendered":"<p>Projet de re-am\u00e9nagement d\u2019un appartement de 32 m\u00b2 Cahier de charges: Pied-\u00e0-terre&nbsp;a Paris que sert a son propri\u00e9taire comme point de chute entre les nombreux d\u00e9placements et sa maison familiale en province.&nbsp;Cet appartement de 32 m\u00b2 doit remplir toute les fonctions de vie confortable, avec une attention particuli\u00e8re au lieu de couchage isol\u00e9 et digne de ce nom. Aussi il faut imaginer un 2eme lieu de couchage d&rsquo;appoint, ou m\u00eame<\/p>\n<div class=\"read-more\"><a class=\"btn read-more-btn\" href=\"https:\/\/dustudio-interiors.com\/index.php\/plans-plan-architecte-etude-partielle\/orlean_project\/\">Read More<\/a><\/div>\n","protected":false},"author":1,"featured_media":0,"parent":79,"menu_order":0,"comment_status":"closed","ping_status":"closed","template":"","meta":{"om_disable_all_campaigns":false,"_monsterinsights_skip_tracking":false,"_monsterinsights_sitenote_active":false,"_monsterinsights_sitenote_note":"","_monsterinsights_sitenote_category":0,"footnotes":""},"class_list":["post-326","page","type-page","status-publish","hentry"],"yoast_head":"<!-- This site is optimized with the Yoast SEO plugin v27.5 - https:\/\/yoast.com\/product\/yoast-seo-wordpress\/ -->\n<title>ORLEAN_project :<\/title>\n<meta name=\"robots\" content=\"index, follow, max-snippet:-1, max-image-preview:large, max-video-preview:-1\" \/>\n<link rel=\"canonical\" href=\"https:\/\/dustudio-interiors.com\/index.php\/plans-plan-architecte-etude-partielle\/orlean_project\/\" \/>\n<meta property=\"og:locale\" content=\"fr_FR\" \/>\n<meta property=\"og:type\" content=\"article\" \/>\n<meta property=\"og:title\" content=\"ORLEAN_project :\" \/>\n<meta property=\"og:description\" content=\"Projet de re-am\u00e9nagement d\u2019un appartement de 32 m\u00b2 Cahier de charges: Pied-\u00e0-terre&nbsp;a Paris que sert a son propri\u00e9taire comme point de chute entre les nombreux d\u00e9placements et sa maison familiale en province.&nbsp;Cet appartement de 32 m\u00b2 doit remplir toute les fonctions de vie confortable, avec une attention particuli\u00e8re au lieu de couchage isol\u00e9 et digne de ce nom. Aussi il faut imaginer un 2eme lieu de couchage d&rsquo;appoint, ou m\u00eameRead More\" \/>\n<meta property=\"og:url\" content=\"https:\/\/dustudio-interiors.com\/index.php\/plans-plan-architecte-etude-partielle\/orlean_project\/\" \/>\n<meta property=\"article:publisher\" content=\"https:\/\/www.facebook.com\/dustudio\/?locale=fr_FR\" \/>\n<meta property=\"article:modified_time\" content=\"2020-02-15T17:34:03+00:00\" \/>\n<meta property=\"og:image\" content=\"https:\/\/dustudio-interiors.com\/wp-content\/uploads\/2019\/06\/EXIST.png\" \/>\n<meta name=\"twitter:card\" content=\"summary_large_image\" \/>\n<meta name=\"twitter:label1\" content=\"Dur\u00e9e de lecture estim\u00e9e\" \/>\n\t<meta name=\"twitter:data1\" content=\"1 minute\" \/>\n<script type=\"application\/ld+json\" class=\"yoast-schema-graph\">{\"@context\":\"https:\\\/\\\/schema.org\",\"@graph\":[{\"@type\":\"WebPage\",\"@id\":\"https:\\\/\\\/dustudio-interiors.com\\\/index.php\\\/plans-plan-architecte-etude-partielle\\\/orlean_project\\\/\",\"url\":\"https:\\\/\\\/dustudio-interiors.com\\\/index.php\\\/plans-plan-architecte-etude-partielle\\\/orlean_project\\\/\",\"name\":\"ORLEAN_project :\",\"isPartOf\":{\"@id\":\"https:\\\/\\\/dustudio-interiors.com\\\/#website\"},\"primaryImageOfPage\":{\"@id\":\"https:\\\/\\\/dustudio-interiors.com\\\/index.php\\\/plans-plan-architecte-etude-partielle\\\/orlean_project\\\/#primaryimage\"},\"image\":{\"@id\":\"https:\\\/\\\/dustudio-interiors.com\\\/index.php\\\/plans-plan-architecte-etude-partielle\\\/orlean_project\\\/#primaryimage\"},\"thumbnailUrl\":\"https:\\\/\\\/dustudio-interiors.com\\\/wp-content\\\/uploads\\\/2019\\\/06\\\/EXIST.png\",\"datePublished\":\"2019-06-13T17:55:26+00:00\",\"dateModified\":\"2020-02-15T17:34:03+00:00\",\"breadcrumb\":{\"@id\":\"https:\\\/\\\/dustudio-interiors.com\\\/index.php\\\/plans-plan-architecte-etude-partielle\\\/orlean_project\\\/#breadcrumb\"},\"inLanguage\":\"fr-FR\",\"potentialAction\":[{\"@type\":\"ReadAction\",\"target\":[\"https:\\\/\\\/dustudio-interiors.com\\\/index.php\\\/plans-plan-architecte-etude-partielle\\\/orlean_project\\\/\"]}]},{\"@type\":\"ImageObject\",\"inLanguage\":\"fr-FR\",\"@id\":\"https:\\\/\\\/dustudio-interiors.com\\\/index.php\\\/plans-plan-architecte-etude-partielle\\\/orlean_project\\\/#primaryimage\",\"url\":\"https:\\\/\\\/dustudio-interiors.com\\\/wp-content\\\/uploads\\\/2019\\\/06\\\/EXIST.png\",\"contentUrl\":\"https:\\\/\\\/dustudio-interiors.com\\\/wp-content\\\/uploads\\\/2019\\\/06\\\/EXIST.png\",\"width\":713,\"height\":743},{\"@type\":\"BreadcrumbList\",\"@id\":\"https:\\\/\\\/dustudio-interiors.com\\\/index.php\\\/plans-plan-architecte-etude-partielle\\\/orlean_project\\\/#breadcrumb\",\"itemListElement\":[{\"@type\":\"ListItem\",\"position\":1,\"name\":\"Accueil\",\"item\":\"https:\\\/\\\/dustudio-interiors.com\\\/\"},{\"@type\":\"ListItem\",\"position\":2,\"name\":\"PLANS \\\/ ETUDE PARTIELLE\",\"item\":\"https:\\\/\\\/dustudio-interiors.com\\\/index.php\\\/plans-plan-architecte-etude-partielle\\\/\"},{\"@type\":\"ListItem\",\"position\":3,\"name\":\"ORLEAN_project\"}]},{\"@type\":\"WebSite\",\"@id\":\"https:\\\/\\\/dustudio-interiors.com\\\/#website\",\"url\":\"https:\\\/\\\/dustudio-interiors.com\\\/\",\"name\":\"https:\\\/\\\/dustudio-interiors.com\",\"description\":\"Cr\u00e9ons ensemble des int\u00e9rieurs uniques, entre \u00e9l\u00e9gance et fonctionnalit\u00e9.\",\"publisher\":{\"@id\":\"https:\\\/\\\/dustudio-interiors.com\\\/#organization\"},\"potentialAction\":[{\"@type\":\"SearchAction\",\"target\":{\"@type\":\"EntryPoint\",\"urlTemplate\":\"https:\\\/\\\/dustudio-interiors.com\\\/?s={search_term_string}\"},\"query-input\":{\"@type\":\"PropertyValueSpecification\",\"valueRequired\":true,\"valueName\":\"search_term_string\"}}],\"inLanguage\":\"fr-FR\"},{\"@type\":\"Organization\",\"@id\":\"https:\\\/\\\/dustudio-interiors.com\\\/#organization\",\"name\":\"DUstudiO Interiors\",\"url\":\"https:\\\/\\\/dustudio-interiors.com\\\/\",\"logo\":{\"@type\":\"ImageObject\",\"inLanguage\":\"fr-FR\",\"@id\":\"https:\\\/\\\/dustudio-interiors.com\\\/#\\\/schema\\\/logo\\\/image\\\/\",\"url\":\"https:\\\/\\\/dustudio-interiors.com\\\/wp-content\\\/uploads\\\/2017\\\/10\\\/logo-dustudio-social.png\",\"contentUrl\":\"https:\\\/\\\/dustudio-interiors.com\\\/wp-content\\\/uploads\\\/2017\\\/10\\\/logo-dustudio-social.png\",\"width\":170,\"height\":170,\"caption\":\"DUstudiO Interiors\"},\"image\":{\"@id\":\"https:\\\/\\\/dustudio-interiors.com\\\/#\\\/schema\\\/logo\\\/image\\\/\"},\"sameAs\":[\"https:\\\/\\\/www.facebook.com\\\/dustudio\\\/?locale=fr_FR\",\"https:\\\/\\\/www.instagram.com\\\/dustudio_interiors\\\/\",\"https:\\\/\\\/www.youtube.com\\\/channel\\\/UC3ub4LaoSfoFXAari2N1Bqg\"]}]}<\/script>\n<!-- \/ Yoast SEO plugin. -->","yoast_head_json":{"title":"ORLEAN_project :","robots":{"index":"index","follow":"follow","max-snippet":"max-snippet:-1","max-image-preview":"max-image-preview:large","max-video-preview":"max-video-preview:-1"},"canonical":"https:\/\/dustudio-interiors.com\/index.php\/plans-plan-architecte-etude-partielle\/orlean_project\/","og_locale":"fr_FR","og_type":"article","og_title":"ORLEAN_project :","og_description":"Projet de re-am\u00e9nagement d\u2019un appartement de 32 m\u00b2 Cahier de charges: Pied-\u00e0-terre&nbsp;a Paris que sert a son propri\u00e9taire comme point de chute entre les nombreux d\u00e9placements et sa maison familiale en province.&nbsp;Cet appartement de 32 m\u00b2 doit remplir toute les fonctions de vie confortable, avec une attention particuli\u00e8re au lieu de couchage isol\u00e9 et digne de ce nom. Aussi il faut imaginer un 2eme lieu de couchage d&rsquo;appoint, ou m\u00eameRead More","og_url":"https:\/\/dustudio-interiors.com\/index.php\/plans-plan-architecte-etude-partielle\/orlean_project\/","article_publisher":"https:\/\/www.facebook.com\/dustudio\/?locale=fr_FR","article_modified_time":"2020-02-15T17:34:03+00:00","og_image":[{"url":"https:\/\/dustudio-interiors.com\/wp-content\/uploads\/2019\/06\/EXIST.png","type":"","width":"","height":""}],"twitter_card":"summary_large_image","twitter_misc":{"Dur\u00e9e de lecture estim\u00e9e":"1 minute"},"schema":{"@context":"https:\/\/schema.org","@graph":[{"@type":"WebPage","@id":"https:\/\/dustudio-interiors.com\/index.php\/plans-plan-architecte-etude-partielle\/orlean_project\/","url":"https:\/\/dustudio-interiors.com\/index.php\/plans-plan-architecte-etude-partielle\/orlean_project\/","name":"ORLEAN_project :","isPartOf":{"@id":"https:\/\/dustudio-interiors.com\/#website"},"primaryImageOfPage":{"@id":"https:\/\/dustudio-interiors.com\/index.php\/plans-plan-architecte-etude-partielle\/orlean_project\/#primaryimage"},"image":{"@id":"https:\/\/dustudio-interiors.com\/index.php\/plans-plan-architecte-etude-partielle\/orlean_project\/#primaryimage"},"thumbnailUrl":"https:\/\/dustudio-interiors.com\/wp-content\/uploads\/2019\/06\/EXIST.png","datePublished":"2019-06-13T17:55:26+00:00","dateModified":"2020-02-15T17:34:03+00:00","breadcrumb":{"@id":"https:\/\/dustudio-interiors.com\/index.php\/plans-plan-architecte-etude-partielle\/orlean_project\/#breadcrumb"},"inLanguage":"fr-FR","potentialAction":[{"@type":"ReadAction","target":["https:\/\/dustudio-interiors.com\/index.php\/plans-plan-architecte-etude-partielle\/orlean_project\/"]}]},{"@type":"ImageObject","inLanguage":"fr-FR","@id":"https:\/\/dustudio-interiors.com\/index.php\/plans-plan-architecte-etude-partielle\/orlean_project\/#primaryimage","url":"https:\/\/dustudio-interiors.com\/wp-content\/uploads\/2019\/06\/EXIST.png","contentUrl":"https:\/\/dustudio-interiors.com\/wp-content\/uploads\/2019\/06\/EXIST.png","width":713,"height":743},{"@type":"BreadcrumbList","@id":"https:\/\/dustudio-interiors.com\/index.php\/plans-plan-architecte-etude-partielle\/orlean_project\/#breadcrumb","itemListElement":[{"@type":"ListItem","position":1,"name":"Accueil","item":"https:\/\/dustudio-interiors.com\/"},{"@type":"ListItem","position":2,"name":"PLANS \/ ETUDE PARTIELLE","item":"https:\/\/dustudio-interiors.com\/index.php\/plans-plan-architecte-etude-partielle\/"},{"@type":"ListItem","position":3,"name":"ORLEAN_project"}]},{"@type":"WebSite","@id":"https:\/\/dustudio-interiors.com\/#website","url":"https:\/\/dustudio-interiors.com\/","name":"https:\/\/dustudio-interiors.com","description":"Cr\u00e9ons ensemble des int\u00e9rieurs uniques, entre \u00e9l\u00e9gance et fonctionnalit\u00e9.","publisher":{"@id":"https:\/\/dustudio-interiors.com\/#organization"},"potentialAction":[{"@type":"SearchAction","target":{"@type":"EntryPoint","urlTemplate":"https:\/\/dustudio-interiors.com\/?s={search_term_string}"},"query-input":{"@type":"PropertyValueSpecification","valueRequired":true,"valueName":"search_term_string"}}],"inLanguage":"fr-FR"},{"@type":"Organization","@id":"https:\/\/dustudio-interiors.com\/#organization","name":"DUstudiO Interiors","url":"https:\/\/dustudio-interiors.com\/","logo":{"@type":"ImageObject","inLanguage":"fr-FR","@id":"https:\/\/dustudio-interiors.com\/#\/schema\/logo\/image\/","url":"https:\/\/dustudio-interiors.com\/wp-content\/uploads\/2017\/10\/logo-dustudio-social.png","contentUrl":"https:\/\/dustudio-interiors.com\/wp-content\/uploads\/2017\/10\/logo-dustudio-social.png","width":170,"height":170,"caption":"DUstudiO Interiors"},"image":{"@id":"https:\/\/dustudio-interiors.com\/#\/schema\/logo\/image\/"},"sameAs":["https:\/\/www.facebook.com\/dustudio\/?locale=fr_FR","https:\/\/www.instagram.com\/dustudio_interiors\/","https:\/\/www.youtube.com\/channel\/UC3ub4LaoSfoFXAari2N1Bqg"]}]}},"_links":{"self":[{"href":"https:\/\/dustudio-interiors.com\/index.php\/wp-json\/wp\/v2\/pages\/326","targetHints":{"allow":["GET"]}}],"collection":[{"href":"https:\/\/dustudio-interiors.com\/index.php\/wp-json\/wp\/v2\/pages"}],"about":[{"href":"https:\/\/dustudio-interiors.com\/index.php\/wp-json\/wp\/v2\/types\/page"}],"author":[{"embeddable":true,"href":"https:\/\/dustudio-interiors.com\/index.php\/wp-json\/wp\/v2\/users\/1"}],"replies":[{"embeddable":true,"href":"https:\/\/dustudio-interiors.com\/index.php\/wp-json\/wp\/v2\/comments?post=326"}],"version-history":[{"count":7,"href":"https:\/\/dustudio-interiors.com\/index.php\/wp-json\/wp\/v2\/pages\/326\/revisions"}],"predecessor-version":[{"id":832,"href":"https:\/\/dustudio-interiors.com\/index.php\/wp-json\/wp\/v2\/pages\/326\/revisions\/832"}],"up":[{"embeddable":true,"href":"https:\/\/dustudio-interiors.com\/index.php\/wp-json\/wp\/v2\/pages\/79"}],"wp:attachment":[{"href":"https:\/\/dustudio-interiors.com\/index.php\/wp-json\/wp\/v2\/media?parent=326"}],"curies":[{"name":"wp","href":"https:\/\/api.w.org\/{rel}","templated":true}]}}