{"id":359,"date":"2019-09-12T10:29:09","date_gmt":"2019-09-12T08:29:09","guid":{"rendered":"https:\/\/dustudio-interiors.com\/?page_id=359"},"modified":"2020-12-18T13:33:52","modified_gmt":"2020-12-18T12:33:52","slug":"gabrielle_project","status":"publish","type":"page","link":"https:\/\/dustudio-interiors.com\/index.php\/plans-plan-architecte-etude-partielle\/gabrielle_project\/","title":{"rendered":"GABRIELLE_project"},"content":{"rendered":"\n<p class=\"has-text-color has-background has-text-align-center has-medium-font-size has-very-light-gray-color has-very-dark-gray-background-color\"><strong>Projet de re-am\u00e9nagement d\u2019un appartement de 45 m\u00b2  <\/strong><\/p>\n\n\n\n<figure class=\"wp-block-image\"><img loading=\"lazy\" decoding=\"async\" width=\"1024\" height=\"679\" src=\"https:\/\/dustudio-interiors.com\/wp-content\/uploads\/2019\/09\/plan-aavant-1024x679.png\" alt=\"\" class=\"wp-image-363\" srcset=\"https:\/\/dustudio-interiors.com\/wp-content\/uploads\/2019\/09\/plan-aavant-1024x679.png 1024w, https:\/\/dustudio-interiors.com\/wp-content\/uploads\/2019\/09\/plan-aavant-300x199.png 300w, https:\/\/dustudio-interiors.com\/wp-content\/uploads\/2019\/09\/plan-aavant-768x509.png 768w, https:\/\/dustudio-interiors.com\/wp-content\/uploads\/2019\/09\/plan-aavant-png.webp 924w\" sizes=\"auto, (max-width: 1024px) 100vw, 1024px\" \/><figcaption>PLAN  EXISTENT<\/figcaption><\/figure>\n\n\n\n<p class=\"has-text-color has-text-align-center has-very-dark-gray-color\"> <strong>Cahier de charges:<\/strong> <\/p>\n\n\n\n<p class=\"has-text-align-center\"> Cet appartement de 45 m\u00b2 dans un immeuble des ann\u00e9es \u201830 avait une organisation inadapt\u00e9e pour ses occupants &#8211; une maman avec sa fille adolescente. <\/p>\n\n\n\n<p>=&gt; Le double salon domin\u00e9 par une grande table de repas servait \u00e9galement de chambre \u00e0 la maman, qui dormait sur le canap\u00e9 convertible sans avoir un vrai espace personnel. <\/p>\n\n\n\n<p>=&gt; La chambre de sa fille, par contre, \u00e9tait trop grande, avec un volume d\u00e9di\u00e9 \u00e0 l&rsquo;espace de jeu non utilis\u00e9 depuis longtemps. <\/p>\n\n\n\n<p>=&gt; Une minuscule cuisine, cloisonn\u00e9e et peu fonctionnelle, b\u00e9n\u00e9ficiait de la plus belle lumi\u00e8re tr\u00e8s peu pr\u00e9sente dans le reste de l&rsquo;appartement.&nbsp;<\/p>\n\n\n\n<p>=&gt; La cliente d\u00e9sirait r\u00e9cup\u00e9rer cette lumi\u00e8re dans l&rsquo;espace de vie.La petite salle de bain enti\u00e8rement coffr\u00e9e dans un marbre d\u00e9mod\u00e9 \u00e9tait trop \u00e9triqu\u00e9e et n&rsquo;offrait pas le confort de la vie moderne.<br><\/p>\n\n\n\n<p>L\u2019\u00e9tude initiale de l&rsquo;espace et du cahier de charges nous a amen\u00e9 \u00e0 consid\u00e9rer la d\u00e9molition et la reprise d&rsquo;une partie du mur porteur entre la cuisine et la chambre. Toutes les autres cloisons ont \u00e9t\u00e9 enti\u00e8rement d\u00e9molies, ce qui nous a permis de reconstruire compl\u00e8tement les espaces, et de cr\u00e9er de l&rsquo;intimit\u00e9 pour chaque habitant de l&rsquo;appartement tout en laissant circuler la lumi\u00e8re.&nbsp; <\/p>\n\n\n\n<figure class=\"wp-block-image\"><img loading=\"lazy\" decoding=\"async\" width=\"1024\" height=\"685\" src=\"https:\/\/dustudio-interiors.com\/wp-content\/uploads\/2019\/09\/plan-apres-1024x685.png\" alt=\"\" class=\"wp-image-357\" srcset=\"https:\/\/dustudio-interiors.com\/wp-content\/uploads\/2019\/09\/plan-apres-1024x685.png 1024w, https:\/\/dustudio-interiors.com\/wp-content\/uploads\/2019\/09\/plan-apres-300x201.png 300w, https:\/\/dustudio-interiors.com\/wp-content\/uploads\/2019\/09\/plan-apres-768x514.png 768w, https:\/\/dustudio-interiors.com\/wp-content\/uploads\/2019\/09\/plan-apres-png.webp 1104w\" sizes=\"auto, (max-width: 1024px) 100vw, 1024px\" \/><figcaption>PLAN PROJET<\/figcaption><\/figure>\n\n\n\n<p class=\"has-text-color has-text-align-center has-vivid-cyan-blue-color\">=&gt; <strong><a href=\"https:\/\/dustudio-interiors.com\/index.php\/realisation\/gabrielle_project\/\">PHOTOS PROJET R\u00c9ALIS\u00c9  <\/a><\/strong><\/p>\n","protected":false},"excerpt":{"rendered":"<p>Projet de re-am\u00e9nagement d\u2019un appartement de 45 m\u00b2 Cahier de charges: Cet appartement de 45 m\u00b2 dans un immeuble des ann\u00e9es \u201830 avait une organisation inadapt\u00e9e pour ses occupants &#8211; une maman avec sa fille adolescente. =&gt; Le double salon domin\u00e9 par une grande table de repas servait \u00e9galement de chambre \u00e0 la maman, qui dormait sur le canap\u00e9 convertible sans avoir un vrai espace personnel. =&gt; La chambre de<\/p>\n<div class=\"read-more\"><a class=\"btn read-more-btn\" href=\"https:\/\/dustudio-interiors.com\/index.php\/plans-plan-architecte-etude-partielle\/gabrielle_project\/\">Read More<\/a><\/div>\n","protected":false},"author":1,"featured_media":0,"parent":79,"menu_order":0,"comment_status":"closed","ping_status":"closed","template":"","meta":{"om_disable_all_campaigns":false,"_monsterinsights_skip_tracking":false,"_monsterinsights_sitenote_active":false,"_monsterinsights_sitenote_note":"","_monsterinsights_sitenote_category":0,"footnotes":""},"class_list":["post-359","page","type-page","status-publish","hentry"],"yoast_head":"<!-- This site is optimized with the Yoast SEO plugin v27.5 - https:\/\/yoast.com\/product\/yoast-seo-wordpress\/ -->\n<title>GABRIELLE_project :<\/title>\n<meta name=\"robots\" content=\"index, follow, max-snippet:-1, max-image-preview:large, max-video-preview:-1\" \/>\n<link rel=\"canonical\" href=\"https:\/\/dustudio-interiors.com\/index.php\/plans-plan-architecte-etude-partielle\/gabrielle_project\/\" \/>\n<meta property=\"og:locale\" content=\"fr_FR\" \/>\n<meta property=\"og:type\" content=\"article\" \/>\n<meta property=\"og:title\" content=\"GABRIELLE_project :\" \/>\n<meta property=\"og:description\" content=\"Projet de re-am\u00e9nagement d\u2019un appartement de 45 m\u00b2 Cahier de charges: Cet appartement de 45 m\u00b2 dans un immeuble des ann\u00e9es \u201830 avait une organisation inadapt\u00e9e pour ses occupants &#8211; une maman avec sa fille adolescente. =&gt; Le double salon domin\u00e9 par une grande table de repas servait \u00e9galement de chambre \u00e0 la maman, qui dormait sur le canap\u00e9 convertible sans avoir un vrai espace personnel. =&gt; La chambre deRead More\" \/>\n<meta property=\"og:url\" content=\"https:\/\/dustudio-interiors.com\/index.php\/plans-plan-architecte-etude-partielle\/gabrielle_project\/\" \/>\n<meta property=\"article:publisher\" content=\"https:\/\/www.facebook.com\/dustudio\/?locale=fr_FR\" \/>\n<meta property=\"article:modified_time\" content=\"2020-12-18T12:33:52+00:00\" \/>\n<meta property=\"og:image\" content=\"https:\/\/dustudio-interiors.com\/wp-content\/uploads\/2019\/09\/plan-aavant-1024x679.png\" \/>\n<meta name=\"twitter:card\" content=\"summary_large_image\" \/>\n<meta name=\"twitter:label1\" content=\"Dur\u00e9e de lecture estim\u00e9e\" \/>\n\t<meta name=\"twitter:data1\" content=\"1 minute\" \/>\n<script type=\"application\/ld+json\" class=\"yoast-schema-graph\">{\"@context\":\"https:\\\/\\\/schema.org\",\"@graph\":[{\"@type\":\"WebPage\",\"@id\":\"https:\\\/\\\/dustudio-interiors.com\\\/index.php\\\/plans-plan-architecte-etude-partielle\\\/gabrielle_project\\\/\",\"url\":\"https:\\\/\\\/dustudio-interiors.com\\\/index.php\\\/plans-plan-architecte-etude-partielle\\\/gabrielle_project\\\/\",\"name\":\"GABRIELLE_project :\",\"isPartOf\":{\"@id\":\"https:\\\/\\\/dustudio-interiors.com\\\/#website\"},\"primaryImageOfPage\":{\"@id\":\"https:\\\/\\\/dustudio-interiors.com\\\/index.php\\\/plans-plan-architecte-etude-partielle\\\/gabrielle_project\\\/#primaryimage\"},\"image\":{\"@id\":\"https:\\\/\\\/dustudio-interiors.com\\\/index.php\\\/plans-plan-architecte-etude-partielle\\\/gabrielle_project\\\/#primaryimage\"},\"thumbnailUrl\":\"https:\\\/\\\/dustudio-interiors.com\\\/wp-content\\\/uploads\\\/2019\\\/09\\\/plan-aavant-1024x679.png\",\"datePublished\":\"2019-09-12T08:29:09+00:00\",\"dateModified\":\"2020-12-18T12:33:52+00:00\",\"breadcrumb\":{\"@id\":\"https:\\\/\\\/dustudio-interiors.com\\\/index.php\\\/plans-plan-architecte-etude-partielle\\\/gabrielle_project\\\/#breadcrumb\"},\"inLanguage\":\"fr-FR\",\"potentialAction\":[{\"@type\":\"ReadAction\",\"target\":[\"https:\\\/\\\/dustudio-interiors.com\\\/index.php\\\/plans-plan-architecte-etude-partielle\\\/gabrielle_project\\\/\"]}]},{\"@type\":\"ImageObject\",\"inLanguage\":\"fr-FR\",\"@id\":\"https:\\\/\\\/dustudio-interiors.com\\\/index.php\\\/plans-plan-architecte-etude-partielle\\\/gabrielle_project\\\/#primaryimage\",\"url\":\"https:\\\/\\\/dustudio-interiors.com\\\/wp-content\\\/uploads\\\/2019\\\/09\\\/plan-aavant-png.webp\",\"contentUrl\":\"https:\\\/\\\/dustudio-interiors.com\\\/wp-content\\\/uploads\\\/2019\\\/09\\\/plan-aavant-png.webp\",\"width\":924,\"height\":613},{\"@type\":\"BreadcrumbList\",\"@id\":\"https:\\\/\\\/dustudio-interiors.com\\\/index.php\\\/plans-plan-architecte-etude-partielle\\\/gabrielle_project\\\/#breadcrumb\",\"itemListElement\":[{\"@type\":\"ListItem\",\"position\":1,\"name\":\"Accueil\",\"item\":\"https:\\\/\\\/dustudio-interiors.com\\\/\"},{\"@type\":\"ListItem\",\"position\":2,\"name\":\"PLANS \\\/ ETUDE PARTIELLE\",\"item\":\"https:\\\/\\\/dustudio-interiors.com\\\/index.php\\\/plans-plan-architecte-etude-partielle\\\/\"},{\"@type\":\"ListItem\",\"position\":3,\"name\":\"GABRIELLE_project\"}]},{\"@type\":\"WebSite\",\"@id\":\"https:\\\/\\\/dustudio-interiors.com\\\/#website\",\"url\":\"https:\\\/\\\/dustudio-interiors.com\\\/\",\"name\":\"https:\\\/\\\/dustudio-interiors.com\",\"description\":\"Cr\u00e9ons ensemble des int\u00e9rieurs uniques, entre \u00e9l\u00e9gance et fonctionnalit\u00e9.\",\"publisher\":{\"@id\":\"https:\\\/\\\/dustudio-interiors.com\\\/#organization\"},\"potentialAction\":[{\"@type\":\"SearchAction\",\"target\":{\"@type\":\"EntryPoint\",\"urlTemplate\":\"https:\\\/\\\/dustudio-interiors.com\\\/?s={search_term_string}\"},\"query-input\":{\"@type\":\"PropertyValueSpecification\",\"valueRequired\":true,\"valueName\":\"search_term_string\"}}],\"inLanguage\":\"fr-FR\"},{\"@type\":\"Organization\",\"@id\":\"https:\\\/\\\/dustudio-interiors.com\\\/#organization\",\"name\":\"DUstudiO Interiors\",\"url\":\"https:\\\/\\\/dustudio-interiors.com\\\/\",\"logo\":{\"@type\":\"ImageObject\",\"inLanguage\":\"fr-FR\",\"@id\":\"https:\\\/\\\/dustudio-interiors.com\\\/#\\\/schema\\\/logo\\\/image\\\/\",\"url\":\"https:\\\/\\\/dustudio-interiors.com\\\/wp-content\\\/uploads\\\/2017\\\/10\\\/logo-dustudio-social.png\",\"contentUrl\":\"https:\\\/\\\/dustudio-interiors.com\\\/wp-content\\\/uploads\\\/2017\\\/10\\\/logo-dustudio-social.png\",\"width\":170,\"height\":170,\"caption\":\"DUstudiO Interiors\"},\"image\":{\"@id\":\"https:\\\/\\\/dustudio-interiors.com\\\/#\\\/schema\\\/logo\\\/image\\\/\"},\"sameAs\":[\"https:\\\/\\\/www.facebook.com\\\/dustudio\\\/?locale=fr_FR\",\"https:\\\/\\\/www.instagram.com\\\/dustudio_interiors\\\/\",\"https:\\\/\\\/www.youtube.com\\\/channel\\\/UC3ub4LaoSfoFXAari2N1Bqg\"]}]}<\/script>\n<!-- \/ Yoast SEO plugin. -->","yoast_head_json":{"title":"GABRIELLE_project :","robots":{"index":"index","follow":"follow","max-snippet":"max-snippet:-1","max-image-preview":"max-image-preview:large","max-video-preview":"max-video-preview:-1"},"canonical":"https:\/\/dustudio-interiors.com\/index.php\/plans-plan-architecte-etude-partielle\/gabrielle_project\/","og_locale":"fr_FR","og_type":"article","og_title":"GABRIELLE_project :","og_description":"Projet de re-am\u00e9nagement d\u2019un appartement de 45 m\u00b2 Cahier de charges: Cet appartement de 45 m\u00b2 dans un immeuble des ann\u00e9es \u201830 avait une organisation inadapt\u00e9e pour ses occupants &#8211; une maman avec sa fille adolescente. =&gt; Le double salon domin\u00e9 par une grande table de repas servait \u00e9galement de chambre \u00e0 la maman, qui dormait sur le canap\u00e9 convertible sans avoir un vrai espace personnel. =&gt; La chambre deRead More","og_url":"https:\/\/dustudio-interiors.com\/index.php\/plans-plan-architecte-etude-partielle\/gabrielle_project\/","article_publisher":"https:\/\/www.facebook.com\/dustudio\/?locale=fr_FR","article_modified_time":"2020-12-18T12:33:52+00:00","og_image":[{"url":"https:\/\/dustudio-interiors.com\/wp-content\/uploads\/2019\/09\/plan-aavant-1024x679.png","type":"","width":"","height":""}],"twitter_card":"summary_large_image","twitter_misc":{"Dur\u00e9e de lecture estim\u00e9e":"1 minute"},"schema":{"@context":"https:\/\/schema.org","@graph":[{"@type":"WebPage","@id":"https:\/\/dustudio-interiors.com\/index.php\/plans-plan-architecte-etude-partielle\/gabrielle_project\/","url":"https:\/\/dustudio-interiors.com\/index.php\/plans-plan-architecte-etude-partielle\/gabrielle_project\/","name":"GABRIELLE_project :","isPartOf":{"@id":"https:\/\/dustudio-interiors.com\/#website"},"primaryImageOfPage":{"@id":"https:\/\/dustudio-interiors.com\/index.php\/plans-plan-architecte-etude-partielle\/gabrielle_project\/#primaryimage"},"image":{"@id":"https:\/\/dustudio-interiors.com\/index.php\/plans-plan-architecte-etude-partielle\/gabrielle_project\/#primaryimage"},"thumbnailUrl":"https:\/\/dustudio-interiors.com\/wp-content\/uploads\/2019\/09\/plan-aavant-1024x679.png","datePublished":"2019-09-12T08:29:09+00:00","dateModified":"2020-12-18T12:33:52+00:00","breadcrumb":{"@id":"https:\/\/dustudio-interiors.com\/index.php\/plans-plan-architecte-etude-partielle\/gabrielle_project\/#breadcrumb"},"inLanguage":"fr-FR","potentialAction":[{"@type":"ReadAction","target":["https:\/\/dustudio-interiors.com\/index.php\/plans-plan-architecte-etude-partielle\/gabrielle_project\/"]}]},{"@type":"ImageObject","inLanguage":"fr-FR","@id":"https:\/\/dustudio-interiors.com\/index.php\/plans-plan-architecte-etude-partielle\/gabrielle_project\/#primaryimage","url":"https:\/\/dustudio-interiors.com\/wp-content\/uploads\/2019\/09\/plan-aavant-png.webp","contentUrl":"https:\/\/dustudio-interiors.com\/wp-content\/uploads\/2019\/09\/plan-aavant-png.webp","width":924,"height":613},{"@type":"BreadcrumbList","@id":"https:\/\/dustudio-interiors.com\/index.php\/plans-plan-architecte-etude-partielle\/gabrielle_project\/#breadcrumb","itemListElement":[{"@type":"ListItem","position":1,"name":"Accueil","item":"https:\/\/dustudio-interiors.com\/"},{"@type":"ListItem","position":2,"name":"PLANS \/ ETUDE PARTIELLE","item":"https:\/\/dustudio-interiors.com\/index.php\/plans-plan-architecte-etude-partielle\/"},{"@type":"ListItem","position":3,"name":"GABRIELLE_project"}]},{"@type":"WebSite","@id":"https:\/\/dustudio-interiors.com\/#website","url":"https:\/\/dustudio-interiors.com\/","name":"https:\/\/dustudio-interiors.com","description":"Cr\u00e9ons ensemble des int\u00e9rieurs uniques, entre \u00e9l\u00e9gance et fonctionnalit\u00e9.","publisher":{"@id":"https:\/\/dustudio-interiors.com\/#organization"},"potentialAction":[{"@type":"SearchAction","target":{"@type":"EntryPoint","urlTemplate":"https:\/\/dustudio-interiors.com\/?s={search_term_string}"},"query-input":{"@type":"PropertyValueSpecification","valueRequired":true,"valueName":"search_term_string"}}],"inLanguage":"fr-FR"},{"@type":"Organization","@id":"https:\/\/dustudio-interiors.com\/#organization","name":"DUstudiO Interiors","url":"https:\/\/dustudio-interiors.com\/","logo":{"@type":"ImageObject","inLanguage":"fr-FR","@id":"https:\/\/dustudio-interiors.com\/#\/schema\/logo\/image\/","url":"https:\/\/dustudio-interiors.com\/wp-content\/uploads\/2017\/10\/logo-dustudio-social.png","contentUrl":"https:\/\/dustudio-interiors.com\/wp-content\/uploads\/2017\/10\/logo-dustudio-social.png","width":170,"height":170,"caption":"DUstudiO Interiors"},"image":{"@id":"https:\/\/dustudio-interiors.com\/#\/schema\/logo\/image\/"},"sameAs":["https:\/\/www.facebook.com\/dustudio\/?locale=fr_FR","https:\/\/www.instagram.com\/dustudio_interiors\/","https:\/\/www.youtube.com\/channel\/UC3ub4LaoSfoFXAari2N1Bqg"]}]}},"_links":{"self":[{"href":"https:\/\/dustudio-interiors.com\/index.php\/wp-json\/wp\/v2\/pages\/359","targetHints":{"allow":["GET"]}}],"collection":[{"href":"https:\/\/dustudio-interiors.com\/index.php\/wp-json\/wp\/v2\/pages"}],"about":[{"href":"https:\/\/dustudio-interiors.com\/index.php\/wp-json\/wp\/v2\/types\/page"}],"author":[{"embeddable":true,"href":"https:\/\/dustudio-interiors.com\/index.php\/wp-json\/wp\/v2\/users\/1"}],"replies":[{"embeddable":true,"href":"https:\/\/dustudio-interiors.com\/index.php\/wp-json\/wp\/v2\/comments?post=359"}],"version-history":[{"count":12,"href":"https:\/\/dustudio-interiors.com\/index.php\/wp-json\/wp\/v2\/pages\/359\/revisions"}],"predecessor-version":[{"id":1087,"href":"https:\/\/dustudio-interiors.com\/index.php\/wp-json\/wp\/v2\/pages\/359\/revisions\/1087"}],"up":[{"embeddable":true,"href":"https:\/\/dustudio-interiors.com\/index.php\/wp-json\/wp\/v2\/pages\/79"}],"wp:attachment":[{"href":"https:\/\/dustudio-interiors.com\/index.php\/wp-json\/wp\/v2\/media?parent=359"}],"curies":[{"name":"wp","href":"https:\/\/api.w.org\/{rel}","templated":true}]}}